{"id":3,"date":"2024-01-23T12:54:14","date_gmt":"2024-01-23T12:54:14","guid":{"rendered":"https:\/\/www.anagrimsicar.com\/?page_id=3"},"modified":"2026-02-01T14:13:37","modified_gmt":"2026-02-01T14:13:37","slug":"pogoji-poslovanja-in-politika-zasebnosti-ana-grimsicar","status":"publish","type":"page","link":"https:\/\/www.anagrimsicar.com\/index.php\/pogoji-poslovanja-in-politika-zasebnosti-ana-grimsicar\/","title":{"rendered":"Pogoji poslovanja in politika zasebnosti"},"content":{"rendered":"[vc_row type=&#8221;in_container&#8221; full_screen_row_position=&#8221;middle&#8221; column_margin=&#8221;default&#8221; column_direction=&#8221;default&#8221; column_direction_tablet=&#8221;default&#8221; column_direction_phone=&#8221;default&#8221; scene_position=&#8221;center&#8221; text_color=&#8221;dark&#8221; text_align=&#8221;left&#8221; row_border_radius=&#8221;none&#8221; row_border_radius_applies=&#8221;bg&#8221; row_position_desktop=&#8221;default&#8221; row_position_tablet=&#8221;inherit&#8221; row_position_phone=&#8221;inherit&#8221; overflow=&#8221;visible&#8221; overlay_strength=&#8221;0.3&#8243; gradient_direction=&#8221;left_to_right&#8221; shape_divider_position=&#8221;bottom&#8221; bg_image_animation=&#8221;none&#8221;][vc_column column_padding=&#8221;no-extra-padding&#8221; column_padding_tablet=&#8221;inherit&#8221; column_padding_phone=&#8221;inherit&#8221; column_padding_position=&#8221;all&#8221; flex_gap_desktop=&#8221;10px&#8221; column_element_direction_desktop=&#8221;default&#8221; column_element_spacing=&#8221;default&#8221; desktop_text_alignment=&#8221;default&#8221; tablet_text_alignment=&#8221;default&#8221; phone_text_alignment=&#8221;default&#8221; background_color_opacity=&#8221;1&#8243; background_hover_color_opacity=&#8221;1&#8243; column_backdrop_filter=&#8221;none&#8221; column_shadow=&#8221;none&#8221; column_border_radius=&#8221;none&#8221; column_link_target=&#8221;_self&#8221; column_position=&#8221;default&#8221; gradient_direction=&#8221;left_to_right&#8221; overlay_strength=&#8221;0.3&#8243; width=&#8221;1\/1&#8243; tablet_width_inherit=&#8221;default&#8221; animation_type=&#8221;default&#8221; bg_image_animation=&#8221;none&#8221; border_type=&#8221;simple&#8221; column_border_width=&#8221;none&#8221; column_border_style=&#8221;solid&#8221;][vc_column_text css=&#8221;&#8221; text_direction=&#8221;default&#8221;]\r\n<h3><strong>Pogoji poslovanja in politika zasebnosti za spletno stran anagrimsicar.com<\/strong><\/h3>\r\n<strong>Ponudnik: Ana Grim\u0161i\u010dar s.p.<\/strong>\r\n\r\n<hr \/>\r\n\r\n<h3><strong>Pogoji poslovanja<\/strong><\/h3>\r\n<strong>1. SPLO\u0160NE DOLO\u010cBE<\/strong>\r\n1.1. Spletna stran <strong>anagrimsicar.com<\/strong> ponuja storitve osebnega trenerstva in marketinga, ki jih izvaja <strong>Ana Grim\u0161i\u010dar s.p.<\/strong> (v nadaljevanju \u00bbponudnik\u00ab).\r\n1.2. Z uporabo spletne strani in naro\u010dilom storitev uporabnik potrjuje, da je prebral, razumel in se strinja s temi pogoji poslovanja.\r\n\r\n<strong>2. OPIS STORITEV<\/strong>\r\nPonudnik nudi:\r\n<ul>\r\n \t<li>Individualne osebne treninge<\/li>\r\n \t<li>Treninge na daljavo<\/li>\r\n \t<li>Personalizirane vadbene programe<\/li>\r\n \t<li>Prehransko svetovanje<\/li>\r\n \t<li>Marketin\u0161ke storitve<\/li>\r\n<\/ul>\r\n<strong>3. PLA\u010cILA<\/strong>\r\n3.1. Pla\u010dilo se izvede vnaprej po predra\u010dunu, skladno s pogoji in cenikom, dogovorjenim ob naro\u010dilu storitev.\r\n3.2. V primeru odpovedi s strani uporabnika manj kot 24 ur pred dogovorjenim terminom se storitev zara\u010duna v celoti.\r\n\r\n<strong>4. ODGOVORNOST<\/strong>\r\n4.1. Uporabnik mora pred za\u010detkom vadbe obvestiti ponudnika o morebitnih zdravstvenih omejitvah.\r\n4.2. Ponudnik ne prevzema odgovornosti za po\u0161kodbe, nastale zaradi neupo\u0161tevanja navodil trenerja.\r\n\r\n<strong>5. SPREMEMBE POGOJEV<\/strong>\r\n5.1. Ponudnik si pridr\u017euje pravico do sprememb teh pogojev, o \u010demer bo uporabnike obvestil vsaj 30 dni pred uveljavitvijo.\r\n\r\n<hr \/>\r\n\r\n<h3><strong>Politika zasebnosti<\/strong><\/h3>\r\n<strong>1. UVOD<\/strong>\r\n1.1. Ta politika dolo\u010da na\u010din zbiranja, obdelave in varovanja osebnih podatkov uporabnikov spletne strani <strong>anagrimsicar.com<\/strong>.\r\n\r\n<strong>2. ZBIRANJE IN UPORABA PODATKOV<\/strong>\r\n2.1. Zbiramo naslednje podatke: ime, kontaktne podatke, zdravstvene podatke in podatke o \u017eivljenjskem slogu, ki so potrebni za prilagoditev treningov.\r\n2.2. Podatki se uporabljajo izklju\u010dno za izvedbo storitev in komunikacijo z uporabniki.\r\n\r\n<strong>3. VAROVANJE PODATKOV<\/strong>\r\n3.1. Ponudnik zagotavlja varno shranjevanje podatkov in dostop omejuje le na poobla\u0161\u010dene osebe.\r\n\r\n<strong>4. PI\u0160KOTKI<\/strong>\r\n4.1. Spletna stran uporablja pi\u0161kotke za izbolj\u0161anje uporabni\u0161ke izku\u0161nje.\r\n\r\n<strong>5. PRAVICE UPORABNIKOV<\/strong>\r\n5.1. Uporabniki lahko kadarkoli zahtevajo vpogled, popravek ali izbris svojih podatkov preko e-po\u0161te\u00a0 <strong>[info@anagrimsicar.com]<\/strong>.\r\n\r\n<hr \/>\r\n\r\n1. \u010dlen\r\n\r\nPredmet te pogodbe je storitev: Individualiziran osebni trening oziroma trening program, ki jo ponudnik izvaja, uporabnik pa koristi. Predmet te pogodbe, ki jo ponudnik nudi uporabniku je storitev, ki zajema dva dela (v nadaljevanju \u00bbstoritev\u00ab), kot sta opredeljena in definirana v \u010dlenih 2. in 3.\r\n\r\nUporabnik lahko po lastni presoji in glede na svoje potrebe koristi zgolj enega od delov storitve ali oba skupaj, v kombinaciji. Cena storitve se pri tem spremeni.\r\n\r\n2. \u010dlen\r\n\r\nPrvi del storitve zajema osebne treninge, pod strokovnim vodstvom trenerja. Ponudnik storitve uporabniku nudi vodenje programa vadbe.\r\n\r\nS kori\u0161\u010denjem navedenega dela storitve uporabnik pridobi dostop do enega izmed individualiziranih trening programov v okviru katerega je uporabniku dodeljen trener, ki ga vodi skozi trena\u017eni proces, mu je na voljo za vpra\u0161anja in skrbi, da se dr\u017ei zastavljenega procesa treningov.\r\n\r\n3. \u010dlen\r\n\r\nDrugi del storitve zajema osebno trenerstvo na daljavo, ki zajema personaliziran trening program, podporo in dosegljivost preko telefona oziroma aplikacije, prehransko svetovanje, tedenski pregled dela in uvodno uro osebnega treninga v \u017eivo pod strokovnim vodstvom trenerja.\r\n\r\nKoli\u010dina storitev je odvisna od izbire paketa, torej vsi paketi ne zajemajo vseh navedenih storitev.\r\n\r\n4. \u010dlen\r\n\r\nSodelovanje med ponudnikom in uporabnikom storitve je slede\u010de: Ponudnik nudi storitev uporabniku proti pla\u010dilu zneska, ki ga ta pla\u010da ponudniku vnaprej, preko predra\u010duna.\r\n\r\n5. \u010dlen\r\n\r\nPonudnik se obvezuje, da bo uporabniku nudil storitev ob enakih pogojih in cenah, kot so veljali ob sklenitvi. V primeru spremembe cene storitve bo ponudnik uporabnika o tem obvestil vsaj 30 dni pred uveljavitvijo spremembe. \u010ce se uporabnik s spremenjeno ceno strinja, stranki o tem skleneta aneks. \u010ce se uporabnik s spremenjeno ceno ne strinja, se sodelovanje s pretekom \u010dasovnega obdobja za katerega je bila storitev pla\u010dana prekine.\r\n\r\nPoleg tega se ponudnik obvezuje, da bo:\r\n\r\n\u25cf vestno in strokovno vodil uporabnika skozi vadbeni proces\r\n\r\n\u25cf po svojih zmo\u017enostih skrbel za varnost in zdravje uporabnika skozi vadbeni proces\r\n\r\n\u25cf prilagajal storitev potrebam in \u017eeljam uporabnika po svojih najbolj\u0161ih mo\u010deh\r\n\r\n\u25cf nudil kvaliteto storitve po svojih najbolj\u0161ih mo\u010deh\r\n\r\n6. \u010dlen\r\n\r\nOdpovedi in spremembe terminov s strani uporabnika so mo\u017ene najkasneje 24 ur pred dogovorjenim. V primeru izredne situacije se termin lahko odpove najkasneje 3 ure pred dogovorjenim. V nasprotnem primeru se termin \u0161teje kot kori\u0161\u010den in se zara\u010duna po rednem ceniku.\r\n\r\nOdpovedi in spremembe terminov s strani ponudnika so mo\u017ene najkasneje 24 ur pred dogovorjenim. V primeru izredne situacije se termin lahko odpove najkasneje 3 ure pred dogovorjenim. V nasprotnem primeru se uporabniku doda dodaten termin, ki je brezpla\u010den.\r\n\r\n7. \u010dlen\r\n\r\nUporabnik se obvezuje, da bo ponudniku storitev pla\u010dal v celotnem znesku, na na\u010din in v valuti, ki so navedeni v tej ponudbi.\r\n\r\nPoleg tega se uporabnik obvezuje, da bo:\r\n\r\n\u25cf dosledno upo\u0161teval navodila trenerjev\r\n\r\n\u25cf vestno in v skladu z dogovorom uporabljal trening programe\r\n\r\n\u25cf v najve\u010dji meri skrbel za lastno varnost in varnost ostalih vade\u010dih\r\n\r\n8. \u010dlen\r\n\r\nSodelovanje se sklene za \u010dasovno obdobje enega meseca. V posebnih primerih je ob utemeljenem razlogu in s pisnim soglasjem ponudnika mogo\u010de urediti prenos storitev (terminov). Za zamrznitev mora uporabnik zaprositi pisno, najkasneje 3 delovne dni po tem, ko izve za nastop utemeljenega razloga. Posebni razlogi zajemajo:\r\n\r\n\u25cf smrt v dru\u017eini\r\n\r\n\u25cf dalj\u0161a bolni\u0161ka odsotnost\r\n\r\n\u25cf ostali izredni dogodki, ki onemogo\u010dajo obiskovanje vadbe dlje kot 7 dni\r\n\r\n\u25cf sporazum strank\r\n\r\n9. \u010dlen\r\n\r\nZa uporabo storitve je uporabnik dol\u017ean pla\u010devati ponudniku dolo\u010deno uporabnino preko predra\u010duna na naslednji, vnaprej dogovorjeni na\u010din:\r\n\r\n\u25cf vnaprej\u0161nje pla\u010dilo enkratnega zneska v vi\u0161ini izbrane storitve\r\n\r\n10. \u010dlen\r\n\r\nUporabnik se strinja z navedenimi pogoji za kori\u0161\u010denje storitev navedenimi in se obvezuje, da bo v celoti pla\u010dal izbrano storitev.\r\n\r\nUporabniku so na voljo naslednje storitve:\r\n\r\n\u25cf &#8220;Light&#8221; (4), &#8220;Medium&#8221; (8) in &#8220;Pro&#8221; (12) paket zakupa ur za osebne treninge ob prisotnosti trenerja individualno ali v paru. To je mese\u010dni paket, ki vsebuje trening enkrat, dvakrat oziroma trikrat tedensko.\r\n\r\n\u25cf Online trenerstvo paket &#8220;Light&#8221;, ki zajema personaliziran mese\u010dni trening program prilagojen na tedenski ravni. Minimalen zakup je 2 meseca.\r\n\r\n\u25cf Online trenerstvo paket &#8220;Medium&#8221;, ki zajema personaliziran mese\u010dni trening program prilagojen na tedenski ravni in dosegljivost ter podporo preko telefona ali aplikacije vse dni v tednu. Minimalen zakup je 2 meseca.\r\n\r\n\u25cf Online trenerstvo paket &#8220;Pro&#8221;, ki zajema personaliziran mese\u010dni trening program prilagojen na tedenski ravni, dosegljivost ter podporo preko telefona ali aplikacije vse dni v tednu, tedenske &#8220;check-ine&#8221;, prehransko svetovanje in enkrat mese\u010dno osebni trening v \u017eivo (lokacija Kranj). Minimalen zakup je 2 meseca.\r\n\r\n\u25cf Paket &#8220;Gold&#8221;, ki zajema semi-privat osebne treninge za 3-5 oseb dvakrat tedensko. Minimalen zakup je 2 meseca.\r\n\r\n11. \u010dlen\r\n\r\nUporabnik se strinja s splo\u0161nimi pogoji poslovanja ponudnika in izjavlja, da je prebral splo\u0161ne pogoje poslovanja.\r\n\r\nUporabnik izjavlja, da je ponudnika seznanil z vsemi zdravstvenimi dejavniki, ki bi ote\u017eevali in onemogo\u010dali izvajanje storitve ali predstavljali tveganje za njegovo zdravje med izvajanjem storitve.\r\n\r\nUporabnik je izpolnil pristopno izjavo.\r\n\r\n12. \u010dlen\r\n\r\nStranki lahko od sodelovanja odstopita v naslednjih primerih:\r\n\r\n\u25cf 7 dnevna zamuda pla\u010dila uporabnika;\r\n\r\n\u25cf Spremembe urnika, lokacije, in ostale spremembe, ki bi uporabniku onemogo\u010dala uporabo storitve;\r\n\r\n\u25cf Dalj\u0161a bolni\u0161ka odsotnost, nastop invalidnosti in druge razmere, ki uporabniku onemogo\u010dajo nadaljevanje uporabe storitve.\r\n\r\n\r\n\r\n&nbsp;\r\n\r\n[\/vc_column_text][\/vc_column][\/vc_row]<!-- \/wp:post-content -->","protected":false},"excerpt":{"rendered":"<p>[vc_row type=&#8221;in_container&#8221; full_screen_row_position=&#8221;middle&#8221; column_margin=&#8221;default&#8221; column_direction=&#8221;default&#8221; column_direction_tablet=&#8221;default&#8221; column_direction_phone=&#8221;default&#8221; scene_position=&#8221;center&#8221; text_color=&#8221;dark&#8221; text_align=&#8221;left&#8221; row_border_radius=&#8221;none&#8221; row_border_radius_applies=&#8221;bg&#8221; row_position_desktop=&#8221;default&#8221; row_position_tablet=&#8221;inherit&#8221; row_position_phone=&#8221;inherit&#8221; overflow=&#8221;visible&#8221; overlay_strength=&#8221;0.3&#8243; gradient_direction=&#8221;left_to_right&#8221; shape_divider_position=&#8221;bottom&#8221; bg_image_animation=&#8221;none&#8221;][vc_column column_padding=&#8221;no-extra-padding&#8221; column_padding_tablet=&#8221;inherit&#8221; column_padding_phone=&#8221;inherit&#8221; column_padding_position=&#8221;all&#8221; flex_gap_desktop=&#8221;10px&#8221; column_element_direction_desktop=&#8221;default&#8221; column_element_spacing=&#8221;default&#8221; desktop_text_alignment=&#8221;default&#8221; tablet_text_alignment=&#8221;default&#8221; phone_text_alignment=&#8221;default&#8221;&#8230;<\/p>\n","protected":false},"author":1,"featured_media":0,"parent":0,"menu_order":0,"comment_status":"closed","ping_status":"open","template":"","meta":{"_monsterinsights_skip_tracking":false,"_monsterinsights_sitenote_active":false,"_monsterinsights_sitenote_note":"","_monsterinsights_sitenote_category":0,"footnotes":""},"folder":[],"class_list":["post-3","page","type-page","status-publish"],"yoast_head":"<!-- This site is optimized with the Yoast SEO plugin v26.8 - https:\/\/yoast.com\/product\/yoast-seo-wordpress\/ -->\n<title>Pogoji poslovanja in politika zasebnosti - Ana Grim&scaron;i\u010dar<\/title>\n<meta name=\"description\" content=\"Na tej strani najde\u0161 pogoje poslovanja in politiko zasebnosti ter informacije o varstvu tvojih osebnih podatkov.\" \/>\n<meta name=\"robots\" content=\"index, follow, max-snippet:-1, max-image-preview:large, max-video-preview:-1\" \/>\n<link rel=\"canonical\" href=\"https:\/\/www.anagrimsicar.com\/index.php\/pogoji-poslovanja-in-politika-zasebnosti-ana-grimsicar\/\" \/>\n<meta property=\"og:locale\" content=\"sl_SI\" \/>\n<meta property=\"og:type\" content=\"article\" \/>\n<meta property=\"og:title\" content=\"Pogoji poslovanja in politika zasebnosti - Ana Grim&scaron;i\u010dar\" \/>\n<meta property=\"og:description\" content=\"Na tej strani najde\u0161 pogoje poslovanja in politiko zasebnosti ter informacije o varstvu tvojih osebnih podatkov.\" \/>\n<meta property=\"og:url\" content=\"https:\/\/www.anagrimsicar.com\/index.php\/pogoji-poslovanja-in-politika-zasebnosti-ana-grimsicar\/\" \/>\n<meta property=\"og:site_name\" content=\"Ana Grim&scaron;i\u010dar\" \/>\n<meta property=\"article:modified_time\" content=\"2026-02-01T14:13:37+00:00\" \/>\n<meta name=\"twitter:card\" content=\"summary_large_image\" \/>\n<meta name=\"twitter:label1\" content=\"Est. reading time\" \/>\n\t<meta name=\"twitter:data1\" content=\"7 minut\" \/>\n<script type=\"application\/ld+json\" class=\"yoast-schema-graph\">{\"@context\":\"https:\/\/schema.org\",\"@graph\":[{\"@type\":\"WebPage\",\"@id\":\"https:\/\/www.anagrimsicar.com\/index.php\/pogoji-poslovanja-in-politika-zasebnosti-ana-grimsicar\/\",\"url\":\"https:\/\/www.anagrimsicar.com\/index.php\/pogoji-poslovanja-in-politika-zasebnosti-ana-grimsicar\/\",\"name\":\"Pogoji poslovanja in politika zasebnosti - Ana Grim&scaron;i\u010dar\",\"isPartOf\":{\"@id\":\"https:\/\/www.anagrimsicar.com\/#website\"},\"datePublished\":\"2024-01-23T12:54:14+00:00\",\"dateModified\":\"2026-02-01T14:13:37+00:00\",\"description\":\"Na tej strani najde\u0161 pogoje poslovanja in politiko zasebnosti ter informacije o varstvu tvojih osebnih podatkov.\",\"breadcrumb\":{\"@id\":\"https:\/\/www.anagrimsicar.com\/index.php\/pogoji-poslovanja-in-politika-zasebnosti-ana-grimsicar\/#breadcrumb\"},\"inLanguage\":\"sl-SI\",\"potentialAction\":[{\"@type\":\"ReadAction\",\"target\":[\"https:\/\/www.anagrimsicar.com\/index.php\/pogoji-poslovanja-in-politika-zasebnosti-ana-grimsicar\/\"]}]},{\"@type\":\"BreadcrumbList\",\"@id\":\"https:\/\/www.anagrimsicar.com\/index.php\/pogoji-poslovanja-in-politika-zasebnosti-ana-grimsicar\/#breadcrumb\",\"itemListElement\":[{\"@type\":\"ListItem\",\"position\":1,\"name\":\"Home\",\"item\":\"https:\/\/www.anagrimsicar.com\/\"},{\"@type\":\"ListItem\",\"position\":2,\"name\":\"Pogoji poslovanja in politika zasebnosti\"}]},{\"@type\":\"WebSite\",\"@id\":\"https:\/\/www.anagrimsicar.com\/#website\",\"url\":\"https:\/\/www.anagrimsicar.com\/\",\"name\":\"Ana Grim&scaron;i\u010dar\",\"description\":\"Osebno trenerstvo\",\"potentialAction\":[{\"@type\":\"SearchAction\",\"target\":{\"@type\":\"EntryPoint\",\"urlTemplate\":\"https:\/\/www.anagrimsicar.com\/?s={search_term_string}\"},\"query-input\":{\"@type\":\"PropertyValueSpecification\",\"valueRequired\":true,\"valueName\":\"search_term_string\"}}],\"inLanguage\":\"sl-SI\"}]}<\/script>\n<!-- \/ Yoast SEO plugin. -->","yoast_head_json":{"title":"Pogoji poslovanja in politika zasebnosti - Ana Grim&scaron;i\u010dar","description":"Na tej strani najde\u0161 pogoje poslovanja in politiko zasebnosti ter informacije o varstvu tvojih osebnih podatkov.","robots":{"index":"index","follow":"follow","max-snippet":"max-snippet:-1","max-image-preview":"max-image-preview:large","max-video-preview":"max-video-preview:-1"},"canonical":"https:\/\/www.anagrimsicar.com\/index.php\/pogoji-poslovanja-in-politika-zasebnosti-ana-grimsicar\/","og_locale":"sl_SI","og_type":"article","og_title":"Pogoji poslovanja in politika zasebnosti - Ana Grim&scaron;i\u010dar","og_description":"Na tej strani najde\u0161 pogoje poslovanja in politiko zasebnosti ter informacije o varstvu tvojih osebnih podatkov.","og_url":"https:\/\/www.anagrimsicar.com\/index.php\/pogoji-poslovanja-in-politika-zasebnosti-ana-grimsicar\/","og_site_name":"Ana Grim&scaron;i\u010dar","article_modified_time":"2026-02-01T14:13:37+00:00","twitter_card":"summary_large_image","twitter_misc":{"Est. reading time":"7 minut"},"schema":{"@context":"https:\/\/schema.org","@graph":[{"@type":"WebPage","@id":"https:\/\/www.anagrimsicar.com\/index.php\/pogoji-poslovanja-in-politika-zasebnosti-ana-grimsicar\/","url":"https:\/\/www.anagrimsicar.com\/index.php\/pogoji-poslovanja-in-politika-zasebnosti-ana-grimsicar\/","name":"Pogoji poslovanja in politika zasebnosti - Ana Grim&scaron;i\u010dar","isPartOf":{"@id":"https:\/\/www.anagrimsicar.com\/#website"},"datePublished":"2024-01-23T12:54:14+00:00","dateModified":"2026-02-01T14:13:37+00:00","description":"Na tej strani najde\u0161 pogoje poslovanja in politiko zasebnosti ter informacije o varstvu tvojih osebnih podatkov.","breadcrumb":{"@id":"https:\/\/www.anagrimsicar.com\/index.php\/pogoji-poslovanja-in-politika-zasebnosti-ana-grimsicar\/#breadcrumb"},"inLanguage":"sl-SI","potentialAction":[{"@type":"ReadAction","target":["https:\/\/www.anagrimsicar.com\/index.php\/pogoji-poslovanja-in-politika-zasebnosti-ana-grimsicar\/"]}]},{"@type":"BreadcrumbList","@id":"https:\/\/www.anagrimsicar.com\/index.php\/pogoji-poslovanja-in-politika-zasebnosti-ana-grimsicar\/#breadcrumb","itemListElement":[{"@type":"ListItem","position":1,"name":"Home","item":"https:\/\/www.anagrimsicar.com\/"},{"@type":"ListItem","position":2,"name":"Pogoji poslovanja in politika zasebnosti"}]},{"@type":"WebSite","@id":"https:\/\/www.anagrimsicar.com\/#website","url":"https:\/\/www.anagrimsicar.com\/","name":"Ana Grim&scaron;i\u010dar","description":"Osebno trenerstvo","potentialAction":[{"@type":"SearchAction","target":{"@type":"EntryPoint","urlTemplate":"https:\/\/www.anagrimsicar.com\/?s={search_term_string}"},"query-input":{"@type":"PropertyValueSpecification","valueRequired":true,"valueName":"search_term_string"}}],"inLanguage":"sl-SI"}]}},"_links":{"self":[{"href":"https:\/\/www.anagrimsicar.com\/index.php\/wp-json\/wp\/v2\/pages\/3","targetHints":{"allow":["GET"]}}],"collection":[{"href":"https:\/\/www.anagrimsicar.com\/index.php\/wp-json\/wp\/v2\/pages"}],"about":[{"href":"https:\/\/www.anagrimsicar.com\/index.php\/wp-json\/wp\/v2\/types\/page"}],"author":[{"embeddable":true,"href":"https:\/\/www.anagrimsicar.com\/index.php\/wp-json\/wp\/v2\/users\/1"}],"replies":[{"embeddable":true,"href":"https:\/\/www.anagrimsicar.com\/index.php\/wp-json\/wp\/v2\/comments?post=3"}],"version-history":[{"count":6,"href":"https:\/\/www.anagrimsicar.com\/index.php\/wp-json\/wp\/v2\/pages\/3\/revisions"}],"predecessor-version":[{"id":6523,"href":"https:\/\/www.anagrimsicar.com\/index.php\/wp-json\/wp\/v2\/pages\/3\/revisions\/6523"}],"wp:attachment":[{"href":"https:\/\/www.anagrimsicar.com\/index.php\/wp-json\/wp\/v2\/media?parent=3"}],"wp:term":[{"taxonomy":"folder","embeddable":true,"href":"https:\/\/www.anagrimsicar.com\/index.php\/wp-json\/wp\/v2\/folder?post=3"}],"curies":[{"name":"wp","href":"https:\/\/api.w.org\/{rel}","templated":true}]}}