{"id":6192,"date":"2024-01-30T12:18:49","date_gmt":"2024-01-30T12:18:49","guid":{"rendered":"https:\/\/www.anagrimsicar.com\/?page_id=6192"},"modified":"2026-02-01T14:03:56","modified_gmt":"2026-02-01T14:03:56","slug":"kontakt-osebna-fitnes-trenerka-ana-grimsicar","status":"publish","type":"page","link":"https:\/\/www.anagrimsicar.com\/index.php\/kontakt-osebna-fitnes-trenerka-ana-grimsicar\/","title":{"rendered":"KONTAKT"},"content":{"rendered":"[vc_row type=&#8221;full_width_background&#8221; full_screen_row_position=&#8221;middle&#8221; column_margin=&#8221;default&#8221; column_direction=&#8221;default&#8221; column_direction_tablet=&#8221;default&#8221; column_direction_phone=&#8221;default&#8221; bg_color=&#8221;#0d2d4c&#8221; scene_position=&#8221;center&#8221; top_padding=&#8221;14%&#8221; text_color=&#8221;dark&#8221; text_align=&#8221;left&#8221; row_border_radius=&#8221;none&#8221; row_border_radius_applies=&#8221;bg&#8221; zindex=&#8221;100&#8243; overflow=&#8221;visible&#8221; overlay_strength=&#8221;0.3&#8243; gradient_direction=&#8221;left_to_right&#8221; shape_divider_position=&#8221;bottom&#8221; bg_image_animation=&#8221;none&#8221; shape_type=&#8221;&#8221; gradient_type=&#8221;default&#8221;][vc_column column_padding=&#8221;no-extra-padding&#8221; column_padding_tablet=&#8221;inherit&#8221; column_padding_phone=&#8221;inherit&#8221; column_padding_position=&#8221;all&#8221; column_element_direction_desktop=&#8221;default&#8221; column_element_spacing=&#8221;default&#8221; desktop_text_alignment=&#8221;default&#8221; tablet_text_alignment=&#8221;default&#8221; phone_text_alignment=&#8221;default&#8221; background_color_opacity=&#8221;1&#8243; background_hover_color_opacity=&#8221;1&#8243; column_backdrop_filter=&#8221;none&#8221; column_shadow=&#8221;none&#8221; column_border_radius=&#8221;none&#8221; column_link_target=&#8221;_self&#8221; column_position=&#8221;default&#8221; gradient_direction=&#8221;left_to_right&#8221; overlay_strength=&#8221;0.3&#8243; width=&#8221;1\/1&#8243; tablet_width_inherit=&#8221;default&#8221; animation_type=&#8221;default&#8221; bg_image_animation=&#8221;none&#8221; border_type=&#8221;simple&#8221; column_border_width=&#8221;none&#8221; column_border_style=&#8221;solid&#8221;][vc_row_inner column_margin=&#8221;default&#8221; column_direction=&#8221;default&#8221; column_direction_tablet=&#8221;default&#8221; column_direction_phone=&#8221;default&#8221; bottom_padding=&#8221;4%&#8221; text_align=&#8221;left&#8221; row_position=&#8221;default&#8221; row_position_tablet=&#8221;inherit&#8221; row_position_phone=&#8221;inherit&#8221; overflow=&#8221;visible&#8221; pointer_events=&#8221;all&#8221;][vc_column_inner column_padding=&#8221;no-extra-padding&#8221; column_padding_tablet=&#8221;inherit&#8221; column_padding_phone=&#8221;inherit&#8221; column_padding_position=&#8221;all&#8221; column_element_direction_desktop=&#8221;default&#8221; column_element_spacing=&#8221;default&#8221; centered_text=&#8221;true&#8221; desktop_text_alignment=&#8221;default&#8221; tablet_text_alignment=&#8221;default&#8221; phone_text_alignment=&#8221;default&#8221; background_color_opacity=&#8221;1&#8243; background_hover_color_opacity=&#8221;1&#8243; column_backdrop_filter=&#8221;none&#8221; font_color=&#8221;#ffffff&#8221; column_shadow=&#8221;none&#8221; column_border_radius=&#8221;none&#8221; column_link_target=&#8221;_self&#8221; overflow=&#8221;visible&#8221; gradient_direction=&#8221;left_to_right&#8221; overlay_strength=&#8221;0.3&#8243; width=&#8221;1\/1&#8243; tablet_width_inherit=&#8221;default&#8221; animation_type=&#8221;default&#8221; bg_image_animation=&#8221;none&#8221; border_type=&#8221;simple&#8221; column_border_width=&#8221;none&#8221; column_border_style=&#8221;solid&#8221;][split_line_heading animation_type=&#8221;twist-in&#8221; font_style=&#8221;h1&#8243; text_color=&#8221;#ffffff&#8221; content_alignment=&#8221;default&#8221; mobile_content_alignment=&#8221;inherit&#8221; link_target=&#8221;_self&#8221; text_content=&#8221;Let&#8217;s work together&#8221; font_size=&#8221;7vw&#8221; text_direction=&#8221;default&#8221;][\/split_line_heading][image_with_animation image_url=&#8221;6452&#8243; image_size=&#8221;full&#8221; animation_type=&#8221;entrance&#8221; animation=&#8221;None&#8221; animation_movement_type=&#8221;transform_y&#8221; hover_animation=&#8221;none&#8221; alignment=&#8221;center&#8221; img_link_target=&#8221;_blank&#8221; border_radius=&#8221;none&#8221; box_shadow=&#8221;none&#8221; image_loading=&#8221;default&#8221; max_width=&#8221;100%&#8221; max_width_mobile=&#8221;default&#8221; position_desktop=&#8221;relative&#8221; img_link=&#8221;https:\/\/wa.me\/38631547843?text=Hej%20Ana%2C%20pi%C5%A1em%20ti%2C%20ker%20me%20zanima%20sodelovanje%20s%20tabo%20%F0%9F%92%AA&#8221;][nectar_btn size=&#8221;small&#8221; open_new_tab=&#8221;true&#8221; button_style=&#8221;regular&#8221; button_color_2=&#8221;Accent-Color&#8221; icon_family=&#8221;none&#8221; nofollow=&#8221;true&#8221; button_id=&#8221;https:\/\/wa.me\/38631547843?text=Hej%20Ana%2C%20pi%C5%A1em%20ti%2C%20ker%20me%20zanima%20sodelovanje%20s%20tabo%20%F0%9F%92%AA&#8221; url=&#8221;https:\/\/wa.me\/38631547843?text=Hej%20Ana%2C%20pi%C5%A1em%20ti%2C%20ker%20me%20zanima%20sodelovanje%20s%20tabo%20%F0%9F%92%AA&#8221; text=&#8221;Skeniraj\/klikni za hiter kontakt&#8221;][\/vc_column_inner][\/vc_row_inner][vc_row_inner column_margin=&#8221;default&#8221; column_direction=&#8221;default&#8221; column_direction_tablet=&#8221;default&#8221; column_direction_phone=&#8221;default&#8221; text_align=&#8221;left&#8221; row_position=&#8221;default&#8221; row_position_tablet=&#8221;inherit&#8221; row_position_phone=&#8221;inherit&#8221; overflow=&#8221;visible&#8221; pointer_events=&#8221;all&#8221;][vc_column_inner column_padding=&#8221;padding-6-percent&#8221; column_padding_tablet=&#8221;inherit&#8221; column_padding_phone=&#8221;inherit&#8221; column_padding_position=&#8221;all&#8221; top_margin=&#8221;7%&#8221; column_element_direction_desktop=&#8221;default&#8221; column_element_spacing=&#8221;default&#8221; desktop_text_alignment=&#8221;default&#8221; tablet_text_alignment=&#8221;default&#8221; phone_text_alignment=&#8221;default&#8221; background_color=&#8221;#ffffff&#8221; background_color_opacity=&#8221;1&#8243; background_hover_color_opacity=&#8221;1&#8243; column_backdrop_filter=&#8221;none&#8221; column_shadow=&#8221;none&#8221; column_border_radius=&#8221;none&#8221; column_link_target=&#8221;_self&#8221; overflow=&#8221;visible&#8221; gradient_direction=&#8221;left_to_right&#8221; overlay_strength=&#8221;0.3&#8243; width=&#8221;1\/2&#8243; tablet_width_inherit=&#8221;default&#8221; animation_type=&#8221;default&#8221; enable_animation=&#8221;true&#8221; animation=&#8221;fade-in-from-bottom&#8221; animation_easing=&#8221;default&#8221; bg_image_animation=&#8221;none&#8221; border_type=&#8221;simple&#8221; column_border_width=&#8221;none&#8221; column_border_style=&#8221;solid&#8221; column_padding_type=&#8221;default&#8221; gradient_type=&#8221;default&#8221;][vc_column_text text_direction=&#8221;default&#8221;]\n<h3 style=\"text-align: center;\">Kontakt:<\/h3>\n<div style=\"text-align: center;\"><b><a href=\"mailto:info@anagrimsicar.com\" target=\"_blank\" rel=\"noopener\">info@anagrimsicar.com<\/a><\/b><\/div>\n<div style=\"text-align: center;\"><\/div>\n<div style=\"text-align: center;\"><b><span style=\"color: #000000;\">instagram:\u00a0<a id=\"m_-5176877542592414961plusReplyChip-0\" class=\"gmail_plusreply\"><\/a>@anagrimsicar<\/span><\/b><\/div>\n[\/vc_column_text][divider line_type=&#8221;Full Width Line&#8221; line_thickness=&#8221;4&#8243; divider_color=&#8221;default&#8221;][vc_column_text text_direction=&#8221;default&#8221;]\n<div><\/div>\n<div><\/div>\n<div style=\"text-align: center;\"><b><span style=\"color: #000000;\">ANA GRIM\u0160I\u010cAR s.p; osebno trenerstvo\u00a0<\/span><\/b><\/div>\n<div style=\"text-align: center;\"><b><span style=\"color: #000000;\">Hotema\u017ee 78<\/span><\/b><\/div>\n<div style=\"text-align: center;\"><b><span style=\"color: #000000;\">4205 Preddvor\u00a0<\/span><\/b><\/div>\n<div style=\"text-align: center;\"><b><span style=\"color: #000000;\">Mati\u010dna \u0161t. 9369040000<\/span><\/b><\/div>\n<div style=\"text-align: center;\"><b><span style=\"color: #000000;\">Dav\u010dna \u0161t.\u00a0 32612338<\/span><\/b><\/div>\n<div style=\"text-align: center;\"><\/div>\n[\/vc_column_text][\/vc_column_inner][vc_column_inner column_padding=&#8221;padding-5-percent&#8221; column_padding_tablet=&#8221;inherit&#8221; column_padding_phone=&#8221;inherit&#8221; column_padding_position=&#8221;all&#8221; column_element_direction_desktop=&#8221;default&#8221; column_element_spacing=&#8221;default&#8221; desktop_text_alignment=&#8221;default&#8221; tablet_text_alignment=&#8221;default&#8221; phone_text_alignment=&#8221;default&#8221; background_color_opacity=&#8221;1&#8243; background_hover_color_opacity=&#8221;1&#8243; column_backdrop_filter=&#8221;none&#8221; column_shadow=&#8221;none&#8221; column_border_radius=&#8221;none&#8221; column_link_target=&#8221;_self&#8221; overflow=&#8221;visible&#8221; gradient_direction=&#8221;left_to_right&#8221; overlay_strength=&#8221;0.3&#8243; width=&#8221;1\/2&#8243; tablet_width_inherit=&#8221;default&#8221; animation_type=&#8221;default&#8221; bg_image_animation=&#8221;none&#8221; border_type=&#8221;simple&#8221; column_border_width=&#8221;none&#8221; column_border_style=&#8221;solid&#8221; column_padding_type=&#8221;default&#8221; gradient_type=&#8221;default&#8221;][image_with_animation image_url=&#8221;6219&#8243; image_size=&#8221;full&#8221; animation_type=&#8221;entrance&#8221; animation=&#8221;None&#8221; animation_movement_type=&#8221;transform_y&#8221; hover_animation=&#8221;none&#8221; alignment=&#8221;&#8221; border_radius=&#8221;none&#8221; box_shadow=&#8221;none&#8221; image_loading=&#8221;default&#8221; max_width=&#8221;100%&#8221; max_width_mobile=&#8221;default&#8221;][\/vc_column_inner][\/vc_row_inner][\/vc_column][\/vc_row][vc_row type=&#8221;full_width_background&#8221; full_screen_row_position=&#8221;middle&#8221; column_margin=&#8221;default&#8221; column_direction=&#8221;default&#8221; column_direction_tablet=&#8221;default&#8221; column_direction_phone=&#8221;default&#8221; bg_image=&#8221;6112&#8243; bg_position=&#8221;center center&#8221; background_image_loading=&#8221;default&#8221; bg_repeat=&#8221;no-repeat&#8221; scene_position=&#8221;center&#8221; top_padding=&#8221;20%&#8221; bottom_padding=&#8221;10%&#8221; text_color=&#8221;light&#8221; text_align=&#8221;left&#8221; row_border_radius=&#8221;none&#8221; row_border_radius_applies=&#8221;bg&#8221; overflow=&#8221;visible&#8221; color_overlay=&#8221;#0a0a0a&#8221; overlay_strength=&#8221;0.5&#8243; gradient_direction=&#8221;left_to_right&#8221; shape_divider_position=&#8221;bottom&#8221; bg_image_animation=&#8221;zoom-out-slow&#8221; shape_type=&#8221;&#8221; gradient_type=&#8221;default&#8221;][vc_column column_padding=&#8221;no-extra-padding&#8221; column_padding_tablet=&#8221;inherit&#8221; column_padding_phone=&#8221;inherit&#8221; column_padding_position=&#8221;all&#8221; column_element_direction_desktop=&#8221;default&#8221; column_element_spacing=&#8221;default&#8221; desktop_text_alignment=&#8221;default&#8221; tablet_text_alignment=&#8221;default&#8221; phone_text_alignment=&#8221;default&#8221; background_color_opacity=&#8221;1&#8243; background_hover_color_opacity=&#8221;1&#8243; column_backdrop_filter=&#8221;none&#8221; column_shadow=&#8221;none&#8221; column_border_radius=&#8221;none&#8221; column_link_target=&#8221;_self&#8221; column_position=&#8221;default&#8221; gradient_direction=&#8221;left_to_right&#8221; overlay_strength=&#8221;0.3&#8243; width=&#8221;1\/1&#8243; tablet_width_inherit=&#8221;default&#8221; animation_type=&#8221;default&#8221; enable_animation=&#8221;true&#8221; animation=&#8221;fade-in-from-bottom&#8221; animation_easing=&#8221;default&#8221; bg_image_animation=&#8221;none&#8221; border_type=&#8221;simple&#8221; column_border_width=&#8221;none&#8221; column_border_style=&#8221;solid&#8221;][testimonial_slider style=&#8221;minimal&#8221; star_rating_color=&#8221;accent-color&#8221; autorotate=&#8221;9000&#8243; disable_height_animation=&#8221;true&#8221;][testimonial star_rating=&#8221;none&#8221; title=&#8221;Testimonial&#8221; id=&#8221;1706771048150-4&#8243; name=&#8221;Izabela&#8221; quote=&#8221;- Hvala ti za vse napisane treninge in motivacijo. Prvi\u010d v \u017eivljenju imam neko upanje, da bom v roku enega leta imela tako telo, kot sem si ga \u017eelela po\u010dasi \u017ee vidim napredek in se iz fitnesa vedno vrnem nasmejana, tudi \u010de je bil trening te\u017eek.&#8221; tab_id=&#8221;1706771048151-5&#8243;][testimonial star_rating=&#8221;none&#8221; title=&#8221;Testimonial&#8221; id=&#8221;1706771048179-3&#8243; name=&#8221;Nikolina&#8221; quote=&#8221;- Zelo sem hvale\u017ena, da sem za osebno trenerko na\u0161la in izbrala tebe. Vse se da dogovoriti in prilagoditi, za vsako posebej si vzame\u0161 \u010das in se ji posveti\u0161. -&#8221; tab_id=&#8221;1706771048179-1&#8243;][testimonial star_rating=&#8221;none&#8221; title=&#8221;Testimonial&#8221; id=&#8221;1706771048193-0&#8243; name=&#8221;Sara&#8221; quote=&#8221;- Rada bi se ti zahvalila za vso tvojo pomo\u010d in to, da si vedno na voljo. Nadaljuj s tem, ker dela\u0161 nekaj izjemnega. Splo\u0161no po\u010dutje je veliko bolj\u0161e in tudi princip treningov na je prilagojen na na\u010din, ki mi veliko bolj ustreza, zdaj treniram veliko bolj z veseljem.&#8221; tab_id=&#8221;1706771048195-9&#8243;][testimonial star_rating=&#8221;none&#8221; title=&#8221;Testimonial&#8221; id=&#8221;1706771048210-8&#8243; name=&#8221;Lana&#8221; quote=&#8221;- Treningi so mi zelo v\u0161e\u010d, tudi po\u010dutje je \u017ee vsak dan bolj\u0161e. Pozna se tudi na mentalnem po\u010dutju.&#8221; tab_id=&#8221;1706771048210-9&#8243;][\/testimonial_slider][\/vc_column][\/vc_row]\n","protected":false},"excerpt":{"rendered":"<p>[vc_row type=&#8221;full_width_background&#8221; full_screen_row_position=&#8221;middle&#8221; column_margin=&#8221;default&#8221; column_direction=&#8221;default&#8221; column_direction_tablet=&#8221;default&#8221; column_direction_phone=&#8221;default&#8221; bg_color=&#8221;#0d2d4c&#8221; scene_position=&#8221;center&#8221; top_padding=&#8221;14%&#8221; text_color=&#8221;dark&#8221; text_align=&#8221;left&#8221; row_border_radius=&#8221;none&#8221; row_border_radius_applies=&#8221;bg&#8221; zindex=&#8221;100&#8243; overflow=&#8221;visible&#8221; overlay_strength=&#8221;0.3&#8243; gradient_direction=&#8221;left_to_right&#8221; shape_divider_position=&#8221;bottom&#8221; bg_image_animation=&#8221;none&#8221; shape_type=&#8221;&#8221; gradient_type=&#8221;default&#8221;][vc_column column_padding=&#8221;no-extra-padding&#8221; column_padding_tablet=&#8221;inherit&#8221; column_padding_phone=&#8221;inherit&#8221; column_padding_position=&#8221;all&#8221; column_element_direction_desktop=&#8221;default&#8221; column_element_spacing=&#8221;default&#8221; desktop_text_alignment=&#8221;default&#8221; tablet_text_alignment=&#8221;default&#8221;&#8230;<\/p>\n","protected":false},"author":1,"featured_media":0,"parent":0,"menu_order":0,"comment_status":"closed","ping_status":"closed","template":"","meta":{"_monsterinsights_skip_tracking":false,"_monsterinsights_sitenote_active":false,"_monsterinsights_sitenote_note":"","_monsterinsights_sitenote_category":0,"footnotes":""},"folder":[],"class_list":["post-6192","page","type-page","status-publish"],"yoast_head":"<!-- This site is optimized with the Yoast SEO plugin v26.8 - https:\/\/yoast.com\/product\/yoast-seo-wordpress\/ -->\n<title>KONTAKT - Ana Grim&scaron;i\u010dar<\/title>\n<meta name=\"description\" content=\"Kontaktiraj osebno trenerko Ano Grim\u0161i\u010dar za rezervacijo treninga ali dodatne informacije.\" \/>\n<meta name=\"robots\" content=\"index, follow, max-snippet:-1, max-image-preview:large, max-video-preview:-1\" \/>\n<link rel=\"canonical\" href=\"https:\/\/www.anagrimsicar.com\/index.php\/kontakt-osebna-fitnes-trenerka-ana-grimsicar\/\" \/>\n<meta property=\"og:locale\" content=\"sl_SI\" \/>\n<meta property=\"og:type\" content=\"article\" \/>\n<meta property=\"og:title\" content=\"KONTAKT - Ana Grim&scaron;i\u010dar\" \/>\n<meta property=\"og:description\" content=\"Kontaktiraj osebno trenerko Ano Grim\u0161i\u010dar za rezervacijo treninga ali dodatne informacije.\" \/>\n<meta property=\"og:url\" content=\"https:\/\/www.anagrimsicar.com\/index.php\/kontakt-osebna-fitnes-trenerka-ana-grimsicar\/\" \/>\n<meta property=\"og:site_name\" content=\"Ana Grim&scaron;i\u010dar\" \/>\n<meta property=\"article:modified_time\" content=\"2026-02-01T14:03:56+00:00\" \/>\n<meta name=\"twitter:card\" content=\"summary_large_image\" \/>\n<meta name=\"twitter:label1\" content=\"Est. reading time\" \/>\n\t<meta name=\"twitter:data1\" content=\"2 minuti\" \/>\n<script type=\"application\/ld+json\" class=\"yoast-schema-graph\">{\"@context\":\"https:\/\/schema.org\",\"@graph\":[{\"@type\":\"WebPage\",\"@id\":\"https:\/\/www.anagrimsicar.com\/index.php\/kontakt-osebna-fitnes-trenerka-ana-grimsicar\/\",\"url\":\"https:\/\/www.anagrimsicar.com\/index.php\/kontakt-osebna-fitnes-trenerka-ana-grimsicar\/\",\"name\":\"KONTAKT - Ana Grim&scaron;i\u010dar\",\"isPartOf\":{\"@id\":\"https:\/\/www.anagrimsicar.com\/#website\"},\"datePublished\":\"2024-01-30T12:18:49+00:00\",\"dateModified\":\"2026-02-01T14:03:56+00:00\",\"description\":\"Kontaktiraj osebno trenerko Ano Grim\u0161i\u010dar za rezervacijo treninga ali dodatne informacije.\",\"breadcrumb\":{\"@id\":\"https:\/\/www.anagrimsicar.com\/index.php\/kontakt-osebna-fitnes-trenerka-ana-grimsicar\/#breadcrumb\"},\"inLanguage\":\"sl-SI\",\"potentialAction\":[{\"@type\":\"ReadAction\",\"target\":[\"https:\/\/www.anagrimsicar.com\/index.php\/kontakt-osebna-fitnes-trenerka-ana-grimsicar\/\"]}]},{\"@type\":\"BreadcrumbList\",\"@id\":\"https:\/\/www.anagrimsicar.com\/index.php\/kontakt-osebna-fitnes-trenerka-ana-grimsicar\/#breadcrumb\",\"itemListElement\":[{\"@type\":\"ListItem\",\"position\":1,\"name\":\"Home\",\"item\":\"https:\/\/www.anagrimsicar.com\/\"},{\"@type\":\"ListItem\",\"position\":2,\"name\":\"KONTAKT\"}]},{\"@type\":\"WebSite\",\"@id\":\"https:\/\/www.anagrimsicar.com\/#website\",\"url\":\"https:\/\/www.anagrimsicar.com\/\",\"name\":\"Ana Grim&scaron;i\u010dar\",\"description\":\"Osebno trenerstvo\",\"potentialAction\":[{\"@type\":\"SearchAction\",\"target\":{\"@type\":\"EntryPoint\",\"urlTemplate\":\"https:\/\/www.anagrimsicar.com\/?s={search_term_string}\"},\"query-input\":{\"@type\":\"PropertyValueSpecification\",\"valueRequired\":true,\"valueName\":\"search_term_string\"}}],\"inLanguage\":\"sl-SI\"}]}<\/script>\n<!-- \/ Yoast SEO plugin. -->","yoast_head_json":{"title":"KONTAKT - Ana Grim&scaron;i\u010dar","description":"Kontaktiraj osebno trenerko Ano Grim\u0161i\u010dar za rezervacijo treninga ali dodatne informacije.","robots":{"index":"index","follow":"follow","max-snippet":"max-snippet:-1","max-image-preview":"max-image-preview:large","max-video-preview":"max-video-preview:-1"},"canonical":"https:\/\/www.anagrimsicar.com\/index.php\/kontakt-osebna-fitnes-trenerka-ana-grimsicar\/","og_locale":"sl_SI","og_type":"article","og_title":"KONTAKT - Ana Grim&scaron;i\u010dar","og_description":"Kontaktiraj osebno trenerko Ano Grim\u0161i\u010dar za rezervacijo treninga ali dodatne informacije.","og_url":"https:\/\/www.anagrimsicar.com\/index.php\/kontakt-osebna-fitnes-trenerka-ana-grimsicar\/","og_site_name":"Ana Grim&scaron;i\u010dar","article_modified_time":"2026-02-01T14:03:56+00:00","twitter_card":"summary_large_image","twitter_misc":{"Est. reading time":"2 minuti"},"schema":{"@context":"https:\/\/schema.org","@graph":[{"@type":"WebPage","@id":"https:\/\/www.anagrimsicar.com\/index.php\/kontakt-osebna-fitnes-trenerka-ana-grimsicar\/","url":"https:\/\/www.anagrimsicar.com\/index.php\/kontakt-osebna-fitnes-trenerka-ana-grimsicar\/","name":"KONTAKT - Ana Grim&scaron;i\u010dar","isPartOf":{"@id":"https:\/\/www.anagrimsicar.com\/#website"},"datePublished":"2024-01-30T12:18:49+00:00","dateModified":"2026-02-01T14:03:56+00:00","description":"Kontaktiraj osebno trenerko Ano Grim\u0161i\u010dar za rezervacijo treninga ali dodatne informacije.","breadcrumb":{"@id":"https:\/\/www.anagrimsicar.com\/index.php\/kontakt-osebna-fitnes-trenerka-ana-grimsicar\/#breadcrumb"},"inLanguage":"sl-SI","potentialAction":[{"@type":"ReadAction","target":["https:\/\/www.anagrimsicar.com\/index.php\/kontakt-osebna-fitnes-trenerka-ana-grimsicar\/"]}]},{"@type":"BreadcrumbList","@id":"https:\/\/www.anagrimsicar.com\/index.php\/kontakt-osebna-fitnes-trenerka-ana-grimsicar\/#breadcrumb","itemListElement":[{"@type":"ListItem","position":1,"name":"Home","item":"https:\/\/www.anagrimsicar.com\/"},{"@type":"ListItem","position":2,"name":"KONTAKT"}]},{"@type":"WebSite","@id":"https:\/\/www.anagrimsicar.com\/#website","url":"https:\/\/www.anagrimsicar.com\/","name":"Ana Grim&scaron;i\u010dar","description":"Osebno trenerstvo","potentialAction":[{"@type":"SearchAction","target":{"@type":"EntryPoint","urlTemplate":"https:\/\/www.anagrimsicar.com\/?s={search_term_string}"},"query-input":{"@type":"PropertyValueSpecification","valueRequired":true,"valueName":"search_term_string"}}],"inLanguage":"sl-SI"}]}},"_links":{"self":[{"href":"https:\/\/www.anagrimsicar.com\/index.php\/wp-json\/wp\/v2\/pages\/6192","targetHints":{"allow":["GET"]}}],"collection":[{"href":"https:\/\/www.anagrimsicar.com\/index.php\/wp-json\/wp\/v2\/pages"}],"about":[{"href":"https:\/\/www.anagrimsicar.com\/index.php\/wp-json\/wp\/v2\/types\/page"}],"author":[{"embeddable":true,"href":"https:\/\/www.anagrimsicar.com\/index.php\/wp-json\/wp\/v2\/users\/1"}],"replies":[{"embeddable":true,"href":"https:\/\/www.anagrimsicar.com\/index.php\/wp-json\/wp\/v2\/comments?post=6192"}],"version-history":[{"count":12,"href":"https:\/\/www.anagrimsicar.com\/index.php\/wp-json\/wp\/v2\/pages\/6192\/revisions"}],"predecessor-version":[{"id":6521,"href":"https:\/\/www.anagrimsicar.com\/index.php\/wp-json\/wp\/v2\/pages\/6192\/revisions\/6521"}],"wp:attachment":[{"href":"https:\/\/www.anagrimsicar.com\/index.php\/wp-json\/wp\/v2\/media?parent=6192"}],"wp:term":[{"taxonomy":"folder","embeddable":true,"href":"https:\/\/www.anagrimsicar.com\/index.php\/wp-json\/wp\/v2\/folder?post=6192"}],"curies":[{"name":"wp","href":"https:\/\/api.w.org\/{rel}","templated":true}]}}