{"id":6306,"date":"2024-01-30T12:59:42","date_gmt":"2024-01-30T12:59:42","guid":{"rendered":"https:\/\/www.anagrimsicar.com\/?page_id=6306"},"modified":"2026-03-23T15:48:29","modified_gmt":"2026-03-23T15:48:29","slug":"treningi-osebni-in-online-trening-ana-grimsicar","status":"publish","type":"page","link":"https:\/\/www.anagrimsicar.com\/index.php\/treningi-osebni-in-online-trening-ana-grimsicar\/","title":{"rendered":"TRENERSTVO"},"content":{"rendered":"[vc_row type=&#8221;in_container&#8221; full_screen_row_position=&#8221;middle&#8221; column_margin=&#8221;default&#8221; column_direction=&#8221;default&#8221; column_direction_tablet=&#8221;default&#8221; column_direction_phone=&#8221;default&#8221; scene_position=&#8221;center&#8221; text_color=&#8221;dark&#8221; text_align=&#8221;left&#8221; row_border_radius=&#8221;none&#8221; row_border_radius_applies=&#8221;bg&#8221; row_position_desktop=&#8221;default&#8221; row_position_tablet=&#8221;inherit&#8221; row_position_phone=&#8221;inherit&#8221; overflow=&#8221;visible&#8221; overlay_strength=&#8221;0.3&#8243; gradient_direction=&#8221;left_to_right&#8221; shape_divider_position=&#8221;bottom&#8221; bg_image_animation=&#8221;none&#8221;][vc_column column_padding=&#8221;no-extra-padding&#8221; column_padding_tablet=&#8221;inherit&#8221; column_padding_phone=&#8221;inherit&#8221; column_padding_position=&#8221;all&#8221; flex_gap_desktop=&#8221;10px&#8221; column_element_direction_desktop=&#8221;default&#8221; column_element_spacing=&#8221;default&#8221; desktop_text_alignment=&#8221;default&#8221; tablet_text_alignment=&#8221;default&#8221; phone_text_alignment=&#8221;default&#8221; background_color_opacity=&#8221;1&#8243; background_hover_color_opacity=&#8221;1&#8243; column_backdrop_filter=&#8221;none&#8221; column_shadow=&#8221;none&#8221; column_border_radius=&#8221;none&#8221; column_link_target=&#8221;_self&#8221; column_position=&#8221;default&#8221; gradient_direction=&#8221;left_to_right&#8221; overlay_strength=&#8221;0.3&#8243; width=&#8221;2\/3&#8243; tablet_width_inherit=&#8221;default&#8221; animation_type=&#8221;default&#8221; bg_image_animation=&#8221;none&#8221; border_type=&#8221;simple&#8221; column_border_width=&#8221;none&#8221; column_border_style=&#8221;solid&#8221;][nectar_responsive_text inherited_font_style=&#8221;default&#8221; font_size_desktop=&#8221;1.8vw&#8221; font_line_height=&#8221;1.3&#8243; font_size_tablet=&#8221;22px&#8221; text_direction=&#8221;default&#8221;]\n<h3 style=\"text-align: center;\"><em>TRENERSTVO Z OSEBNIM PRISTOPOM<\/em><\/h3>\n[\/nectar_responsive_text][nectar_responsive_text inherited_font_style=&#8221;default&#8221; font_size_min=&#8221;14px&#8221; font_size_max=&#8221;20px&#8221; font_size_desktop=&#8221;1.1vw&#8221; font_line_height=&#8221;1.5&#8243; text_direction=&#8221;default&#8221;]\n<p style=\"text-align: center;\"><em><span class=\"wixui-rich-text__text\">Na prvo mesto vedno postavljam rezultate in dobro po\u010dutje svojih strank. Najbolj\u0161i trening program je tak\u0161en, ki je najbol\u0161i ZATE.\u00a0 Prilagojen tvojim potrebam in ciljem, ter hkrati usklajen z vsemi<\/span><\/em><br class=\"wixui-rich-text__text\" \/><span class=\"wixui-rich-text__text\"><em>tvojimi obveznostmi v dana\u0161njem hitrem tempu \u017eivljenja. Uravnote\u017eiti kariero z osebnim \u017eivljenjem ob ohranjanju telesne pripravljenosti je lahko zahtevno. Pogosto preve\u010d svoje energije usmerjamo samo v delo, \u0161olo in druge obveznosti, ter posledi\u010dno zapostavljamo svoje zdravje. Tu sem, da ti pomagam. Skupaj pripraviva na\u010drt, ki mu bo\u0161 lahko sledil\/a in izpolnil\/a svoje cilje<\/em>.<\/span><\/p>\n<p style=\"text-align: center;\"><em>Za kar se da individualen, strokoven in profesionalen pristop z vsako stranko pred pri\u010detkom sodelovanja izvedem uvodni posvet, kjer ti podrobneje predstavim moj na\u010din in potek dela. Skupaj dolo\u010diva tvoje cilje in prioritete. Pogovoriva se tudi o tvojem \u017eivljenjskem slogu in narediva analizo trenutnega stanja, pogovoriva se o zdravstvenih te\u017eavah, po\u0161kodbah, bole\u010dinah ali omejitvah in greva \u0161e skozi nekaj dodatnih vpra\u0161anj, v kolikor si oseba ne\u017enej\u0161ega spola.<\/em><\/p>\n<p style=\"text-align: center;\"><em>Nato pride \u0161e nekaj prakti\u010dnega dela \u2013 gibalno testiranje in po \u017eelji tudi analiza ter meritve telesne sestave. Nazadnje se dogovoriva tudi za prva dva termina osebnih treningov. Podoben postopek se izvede tudi pri ONLINE TRENERSTVU v kolikor stranka \u017eeli, v nasprotnem primeru pa se vse stvari za pripravo trening programa uredijo na daljavo \u2013 preko (video)klica in vpra\u0161alnika.<\/em><\/p>\n<p style=\"text-align: center;\"><em>Kaj pa prehrana? Seveda gre to z roko v roki, ker je vse skupaj tesno povezano. Moj na\u010din dela ne zagovarja jedilnikov temve\u010d\u00a0 uravnote\u017eeno prehrano in u\u010denje osnovnih prehranskih smernic in\u00a0 kvalitetno sestavo obrokov \u2013 torej prehransko svetovanje, ki je vklju\u010deno v vse pakete osebnih treningov in dolo\u010dene pakete online trenerstva.<\/em><\/p>\n<p style=\"text-align: center;\"><em>ZAKAJ IZBRATI MENE?<\/em><\/p>\n<p style=\"text-align: center;\"><em>Sem vestna in zanesljiva in mi stranka predstavlja ve\u010dji motiv kot lasten napredek.<\/em><\/p>\n<p style=\"text-align: center;\"><em>SKUPAJ SMO MO\u010cNEJ\u0160I!<\/em><\/p>\n[\/nectar_responsive_text][\/vc_column][vc_column column_padding=&#8221;no-extra-padding&#8221; column_padding_tablet=&#8221;inherit&#8221; column_padding_phone=&#8221;inherit&#8221; column_padding_position=&#8221;all&#8221; flex_gap_desktop=&#8221;10px&#8221; column_element_direction_desktop=&#8221;default&#8221; column_element_spacing=&#8221;default&#8221; desktop_text_alignment=&#8221;default&#8221; tablet_text_alignment=&#8221;default&#8221; phone_text_alignment=&#8221;default&#8221; background_color_opacity=&#8221;1&#8243; background_hover_color_opacity=&#8221;1&#8243; column_backdrop_filter=&#8221;none&#8221; column_shadow=&#8221;none&#8221; column_border_radius=&#8221;none&#8221; column_link_target=&#8221;_self&#8221; column_position=&#8221;default&#8221; gradient_direction=&#8221;left_to_right&#8221; overlay_strength=&#8221;0.3&#8243; width=&#8221;1\/3&#8243; tablet_width_inherit=&#8221;default&#8221; animation_type=&#8221;default&#8221; bg_image_animation=&#8221;none&#8221; border_type=&#8221;simple&#8221; column_border_width=&#8221;none&#8221; column_border_style=&#8221;solid&#8221;][image_with_animation image_url=&#8221;6249&#8243; image_size=&#8221;full&#8221; max_width=&#8221;100%&#8221; max_width_mobile=&#8221;default&#8221; animation_type=&#8221;entrance&#8221; animation=&#8221;None&#8221; animation_movement_type=&#8221;transform_y&#8221; hover_animation=&#8221;none&#8221; alignment=&#8221;&#8221; border_radius=&#8221;none&#8221; box_shadow=&#8221;none&#8221; image_loading=&#8221;default&#8221;][vc_column_text css=&#8221;&#8221; text_direction=&#8221;default&#8221;]\n<h4><span style=\"color: #ffffff;\">Lokacije osebnega&nbsp;trenerstva:<\/span><\/h4>\n<h4><span style=\"color: #ffffff;\">\ud83d\udccdKranj (Shape house)<\/span><\/h4>\n<h4><span style=\"color: #ffffff;\">\ud83d\udccdLesce (fitnes Top, po dogovoru)<\/span><\/h4>\n<h4><span style=\"color: #ffffff;\">\ud83c\udf0d \u201cOnline\u201c<\/span><\/h4>\n<div id=\"attachment_6510\" style=\"width: 310px\" class=\"wp-caption alignnone\"><img loading=\"lazy\" decoding=\"async\" aria-describedby=\"caption-attachment-6510\" class=\"size-medium wp-image-6510\" src=\"https:\/\/www.anagrimsicar.com\/wp-content\/uploads\/2026\/02\/DSC_8077-1024x683-1-300x200.jpg\" alt=\"\" width=\"300\" height=\"200\" srcset=\"https:\/\/www.anagrimsicar.com\/wp-content\/uploads\/2026\/02\/DSC_8077-1024x683-1-300x200.jpg 300w, https:\/\/www.anagrimsicar.com\/wp-content\/uploads\/2026\/02\/DSC_8077-1024x683-1-768x512.jpg 768w, https:\/\/www.anagrimsicar.com\/wp-content\/uploads\/2026\/02\/DSC_8077-1024x683-1-900x600.jpg 900w, https:\/\/www.anagrimsicar.com\/wp-content\/uploads\/2026\/02\/DSC_8077-1024x683-1.jpg 1024w\" sizes=\"auto, (max-width: 300px) 100vw, 300px\" \/><p id=\"caption-attachment-6510\" class=\"wp-caption-text\"><span style=\"color: #000000;\">Osebne treninge izvajam na lokaciji Clever fit Kranj, po dogovoru tudi fitnes Top Lesce.<\/span><\/p><\/div>\n<h4><\/h4>\n[\/vc_column_text][\/vc_column][\/vc_row][vc_row type=&#8221;in_container&#8221; full_screen_row_position=&#8221;middle&#8221; column_margin=&#8221;default&#8221; column_direction=&#8221;default&#8221; column_direction_tablet=&#8221;default&#8221; column_direction_phone=&#8221;default&#8221; scene_position=&#8221;center&#8221; text_color=&#8221;dark&#8221; text_align=&#8221;left&#8221; row_border_radius=&#8221;none&#8221; row_border_radius_applies=&#8221;bg&#8221; row_position_desktop=&#8221;default&#8221; row_position_tablet=&#8221;inherit&#8221; row_position_phone=&#8221;inherit&#8221; overflow=&#8221;visible&#8221; overlay_strength=&#8221;0.3&#8243; gradient_direction=&#8221;left_to_right&#8221; shape_divider_position=&#8221;bottom&#8221; bg_image_animation=&#8221;none&#8221;][vc_column column_padding=&#8221;no-extra-padding&#8221; column_padding_tablet=&#8221;inherit&#8221; column_padding_phone=&#8221;inherit&#8221; column_padding_position=&#8221;all&#8221; flex_gap_desktop=&#8221;10px&#8221; column_element_direction_desktop=&#8221;default&#8221; column_element_spacing=&#8221;default&#8221; desktop_text_alignment=&#8221;default&#8221; tablet_text_alignment=&#8221;default&#8221; phone_text_alignment=&#8221;default&#8221; background_color_opacity=&#8221;1&#8243; background_hover_color_opacity=&#8221;1&#8243; column_backdrop_filter=&#8221;none&#8221; column_shadow=&#8221;none&#8221; column_border_radius=&#8221;none&#8221; column_link_target=&#8221;_self&#8221; column_position=&#8221;default&#8221; gradient_direction=&#8221;left_to_right&#8221; overlay_strength=&#8221;0.3&#8243; width=&#8221;1\/1&#8243; tablet_width_inherit=&#8221;default&#8221; animation_type=&#8221;default&#8221; bg_image_animation=&#8221;none&#8221; border_type=&#8221;simple&#8221; column_border_width=&#8221;none&#8221; column_border_style=&#8221;solid&#8221;][carousel script=&#8221;flickity&#8221; flickity_formatting=&#8221;default&#8221; desktop_cols_flickity=&#8221;1&#8243; desktop_small_cols_flickity=&#8221;1&#8243; tablet_cols_flickity=&#8221;1&#8243; phone_cols_flickity=&#8221;1&#8243; flickity_controls=&#8221;default&#8221; color=&#8221;default&#8221; flickity_overflow=&#8221;hidden&#8221; flickity_wrap_around=&#8221;wrap&#8221; pagination_alignment_flickity=&#8221;default&#8221; flickity_spacing=&#8221;default&#8221; flickity_column_vertical_alignment=&#8221;default&#8221; column_padding=&#8221;0&#8243; flickity_element_spacing=&#8221;default&#8221; border_radius=&#8221;none&#8221; autorotate=&#8221;true&#8221; autorotate_type=&#8221;default&#8221; autorotation_speed=&#8221;3000&#8243;][item simple_slider_bg_image_position=&#8221;default&#8221; simple_slider_overlay_strength=&#8221;0.3&#8243; simple_slider_bg_image_loading=&#8221;default&#8221; flickity_bg_image_loading=&#8221;default&#8221; flex_gap_desktop=&#8221;10px&#8221; flickity_item_link_type=&#8221;regular&#8221; id=&#8221;1769940911674-10&#8243; tab_id=&#8221;1769940911675-0&#8243; title=&#8221;Item&#8221;][image_with_animation image_url=&#8221;6390&#8243; image_size=&#8221;full&#8221; max_width=&#8221;100%&#8221; max_width_mobile=&#8221;default&#8221; animation_type=&#8221;entrance&#8221; animation=&#8221;None&#8221; animation_movement_type=&#8221;transform_y&#8221; hover_animation=&#8221;none&#8221; alignment=&#8221;&#8221; border_radius=&#8221;none&#8221; box_shadow=&#8221;none&#8221; image_loading=&#8221;default&#8221;][vc_column_text][\/vc_column_text][\/item][item simple_slider_bg_image_position=&#8221;default&#8221; simple_slider_overlay_strength=&#8221;0.3&#8243; simple_slider_bg_image_loading=&#8221;default&#8221; flickity_bg_image_loading=&#8221;default&#8221; flex_gap_desktop=&#8221;10px&#8221; flickity_item_link_type=&#8221;regular&#8221; id=&#8221;1769940911724-9&#8243; tab_id=&#8221;1769940911725-7&#8243; title=&#8221;Item&#8221;][image_with_animation image_url=&#8221;6438&#8243; image_size=&#8221;full&#8221; max_width=&#8221;100%&#8221; max_width_mobile=&#8221;default&#8221; animation_type=&#8221;looped&#8221; loop_animation=&#8221;none&#8221; animation_movement_type=&#8221;transform_y&#8221; hover_animation=&#8221;none&#8221; alignment=&#8221;center&#8221; border_radius=&#8221;none&#8221; image_loading=&#8221;default&#8221;][image_with_animation image_url=&#8221;6437&#8243; image_size=&#8221;full&#8221; max_width=&#8221;100%&#8221; max_width_mobile=&#8221;default&#8221; animation_type=&#8221;entrance&#8221; animation=&#8221;None&#8221; animation_movement_type=&#8221;transform_y&#8221; hover_animation=&#8221;none&#8221; alignment=&#8221;&#8221; border_radius=&#8221;none&#8221; box_shadow=&#8221;none&#8221; image_loading=&#8221;default&#8221;][vc_column_text][\/vc_column_text][\/item][item simple_slider_bg_image_position=&#8221;default&#8221; simple_slider_overlay_strength=&#8221;0.3&#8243; simple_slider_bg_image_loading=&#8221;default&#8221; flickity_bg_image_loading=&#8221;default&#8221; flex_gap_desktop=&#8221;10px&#8221; flickity_item_link_type=&#8221;regular&#8221; id=&#8221;1769940911787-4&#8243; tab_id=&#8221;1769940911788-1&#8243; title=&#8221;Item&#8221;][image_with_animation image_url=&#8221;6389&#8243; image_size=&#8221;full&#8221; max_width=&#8221;100%&#8221; max_width_mobile=&#8221;default&#8221; animation_type=&#8221;entrance&#8221; animation=&#8221;None&#8221; animation_movement_type=&#8221;transform_y&#8221; hover_animation=&#8221;none&#8221; alignment=&#8221;&#8221; border_radius=&#8221;none&#8221; box_shadow=&#8221;none&#8221; image_loading=&#8221;default&#8221;][vc_column_text][\/vc_column_text][\/item][\/carousel][\/vc_column][\/vc_row]\n","protected":false},"excerpt":{"rendered":"<p>[vc_row type=&#8221;in_container&#8221; full_screen_row_position=&#8221;middle&#8221; column_margin=&#8221;default&#8221; column_direction=&#8221;default&#8221; column_direction_tablet=&#8221;default&#8221; column_direction_phone=&#8221;default&#8221; scene_position=&#8221;center&#8221; text_color=&#8221;dark&#8221; text_align=&#8221;left&#8221; row_border_radius=&#8221;none&#8221; row_border_radius_applies=&#8221;bg&#8221; row_position_desktop=&#8221;default&#8221; row_position_tablet=&#8221;inherit&#8221; row_position_phone=&#8221;inherit&#8221; overflow=&#8221;visible&#8221; overlay_strength=&#8221;0.3&#8243; gradient_direction=&#8221;left_to_right&#8221; shape_divider_position=&#8221;bottom&#8221; bg_image_animation=&#8221;none&#8221;][vc_column column_padding=&#8221;no-extra-padding&#8221; column_padding_tablet=&#8221;inherit&#8221; column_padding_phone=&#8221;inherit&#8221; column_padding_position=&#8221;all&#8221; flex_gap_desktop=&#8221;10px&#8221; column_element_direction_desktop=&#8221;default&#8221; column_element_spacing=&#8221;default&#8221; desktop_text_alignment=&#8221;default&#8221; tablet_text_alignment=&#8221;default&#8221; phone_text_alignment=&#8221;default&#8221;&#8230;<\/p>\n","protected":false},"author":1,"featured_media":0,"parent":0,"menu_order":0,"comment_status":"closed","ping_status":"closed","template":"","meta":{"_monsterinsights_skip_tracking":false,"_monsterinsights_sitenote_active":false,"_monsterinsights_sitenote_note":"","_monsterinsights_sitenote_category":0,"footnotes":""},"folder":[],"class_list":["post-6306","page","type-page","status-publish"],"yoast_head":"<!-- This site is optimized with the Yoast SEO plugin v26.8 - https:\/\/yoast.com\/product\/yoast-seo-wordpress\/ -->\n<title>TRENERSTVO - Ana Grim&scaron;i\u010dar<\/title>\n<meta name=\"description\" content=\"Izberi osebni ali online trening po meri tvojih ciljev. Individualen pristop in strokovno vodenje. z Ano Grim\u0161i\u010dar.\" \/>\n<meta name=\"robots\" content=\"index, follow, max-snippet:-1, max-image-preview:large, max-video-preview:-1\" \/>\n<link rel=\"canonical\" href=\"https:\/\/www.anagrimsicar.com\/index.php\/treningi-osebni-in-online-trening-ana-grimsicar\/\" \/>\n<meta property=\"og:locale\" content=\"sl_SI\" \/>\n<meta property=\"og:type\" content=\"article\" \/>\n<meta property=\"og:title\" content=\"TRENERSTVO - Ana Grim&scaron;i\u010dar\" \/>\n<meta property=\"og:description\" content=\"Izberi osebni ali online trening po meri tvojih ciljev. Individualen pristop in strokovno vodenje. z Ano Grim\u0161i\u010dar.\" \/>\n<meta property=\"og:url\" content=\"https:\/\/www.anagrimsicar.com\/index.php\/treningi-osebni-in-online-trening-ana-grimsicar\/\" \/>\n<meta property=\"og:site_name\" content=\"Ana Grim&scaron;i\u010dar\" \/>\n<meta property=\"article:modified_time\" content=\"2026-03-23T15:48:29+00:00\" \/>\n<meta property=\"og:image\" content=\"https:\/\/www.anagrimsicar.com\/wp-content\/uploads\/2026\/02\/DSC_8077-1024x683-1.jpg\" \/>\n\t<meta property=\"og:image:width\" content=\"1024\" \/>\n\t<meta property=\"og:image:height\" content=\"683\" \/>\n\t<meta property=\"og:image:type\" content=\"image\/jpeg\" \/>\n<meta name=\"twitter:card\" content=\"summary_large_image\" \/>\n<meta name=\"twitter:label1\" content=\"Est. reading time\" \/>\n\t<meta name=\"twitter:data1\" content=\"3 minute\" \/>\n<script type=\"application\/ld+json\" class=\"yoast-schema-graph\">{\"@context\":\"https:\/\/schema.org\",\"@graph\":[{\"@type\":\"WebPage\",\"@id\":\"https:\/\/www.anagrimsicar.com\/index.php\/treningi-osebni-in-online-trening-ana-grimsicar\/\",\"url\":\"https:\/\/www.anagrimsicar.com\/index.php\/treningi-osebni-in-online-trening-ana-grimsicar\/\",\"name\":\"TRENERSTVO - Ana Grim&scaron;i\u010dar\",\"isPartOf\":{\"@id\":\"https:\/\/www.anagrimsicar.com\/#website\"},\"primaryImageOfPage\":{\"@id\":\"https:\/\/www.anagrimsicar.com\/index.php\/treningi-osebni-in-online-trening-ana-grimsicar\/#primaryimage\"},\"image\":{\"@id\":\"https:\/\/www.anagrimsicar.com\/index.php\/treningi-osebni-in-online-trening-ana-grimsicar\/#primaryimage\"},\"thumbnailUrl\":\"https:\/\/www.anagrimsicar.com\/wp-content\/uploads\/2026\/02\/DSC_8077-1024x683-1-300x200.jpg\",\"datePublished\":\"2024-01-30T12:59:42+00:00\",\"dateModified\":\"2026-03-23T15:48:29+00:00\",\"description\":\"Izberi osebni ali online trening po meri tvojih ciljev. Individualen pristop in strokovno vodenje. z Ano Grim\u0161i\u010dar.\",\"breadcrumb\":{\"@id\":\"https:\/\/www.anagrimsicar.com\/index.php\/treningi-osebni-in-online-trening-ana-grimsicar\/#breadcrumb\"},\"inLanguage\":\"sl-SI\",\"potentialAction\":[{\"@type\":\"ReadAction\",\"target\":[\"https:\/\/www.anagrimsicar.com\/index.php\/treningi-osebni-in-online-trening-ana-grimsicar\/\"]}]},{\"@type\":\"ImageObject\",\"inLanguage\":\"sl-SI\",\"@id\":\"https:\/\/www.anagrimsicar.com\/index.php\/treningi-osebni-in-online-trening-ana-grimsicar\/#primaryimage\",\"url\":\"https:\/\/www.anagrimsicar.com\/wp-content\/uploads\/2026\/02\/DSC_8077-1024x683-1.jpg\",\"contentUrl\":\"https:\/\/www.anagrimsicar.com\/wp-content\/uploads\/2026\/02\/DSC_8077-1024x683-1.jpg\",\"width\":1024,\"height\":683,\"caption\":\"Osebne treninge izvajam na lokaciji Clever fit Kranj.\"},{\"@type\":\"BreadcrumbList\",\"@id\":\"https:\/\/www.anagrimsicar.com\/index.php\/treningi-osebni-in-online-trening-ana-grimsicar\/#breadcrumb\",\"itemListElement\":[{\"@type\":\"ListItem\",\"position\":1,\"name\":\"Home\",\"item\":\"https:\/\/www.anagrimsicar.com\/\"},{\"@type\":\"ListItem\",\"position\":2,\"name\":\"TRENERSTVO\"}]},{\"@type\":\"WebSite\",\"@id\":\"https:\/\/www.anagrimsicar.com\/#website\",\"url\":\"https:\/\/www.anagrimsicar.com\/\",\"name\":\"Ana Grim&scaron;i\u010dar\",\"description\":\"Osebno trenerstvo\",\"potentialAction\":[{\"@type\":\"SearchAction\",\"target\":{\"@type\":\"EntryPoint\",\"urlTemplate\":\"https:\/\/www.anagrimsicar.com\/?s={search_term_string}\"},\"query-input\":{\"@type\":\"PropertyValueSpecification\",\"valueRequired\":true,\"valueName\":\"search_term_string\"}}],\"inLanguage\":\"sl-SI\"}]}<\/script>\n<!-- \/ Yoast SEO plugin. -->","yoast_head_json":{"title":"TRENERSTVO - Ana Grim&scaron;i\u010dar","description":"Izberi osebni ali online trening po meri tvojih ciljev. Individualen pristop in strokovno vodenje. z Ano Grim\u0161i\u010dar.","robots":{"index":"index","follow":"follow","max-snippet":"max-snippet:-1","max-image-preview":"max-image-preview:large","max-video-preview":"max-video-preview:-1"},"canonical":"https:\/\/www.anagrimsicar.com\/index.php\/treningi-osebni-in-online-trening-ana-grimsicar\/","og_locale":"sl_SI","og_type":"article","og_title":"TRENERSTVO - Ana Grim&scaron;i\u010dar","og_description":"Izberi osebni ali online trening po meri tvojih ciljev. Individualen pristop in strokovno vodenje. z Ano Grim\u0161i\u010dar.","og_url":"https:\/\/www.anagrimsicar.com\/index.php\/treningi-osebni-in-online-trening-ana-grimsicar\/","og_site_name":"Ana Grim&scaron;i\u010dar","article_modified_time":"2026-03-23T15:48:29+00:00","og_image":[{"width":1024,"height":683,"url":"https:\/\/www.anagrimsicar.com\/wp-content\/uploads\/2026\/02\/DSC_8077-1024x683-1.jpg","type":"image\/jpeg"}],"twitter_card":"summary_large_image","twitter_misc":{"Est. reading time":"3 minute"},"schema":{"@context":"https:\/\/schema.org","@graph":[{"@type":"WebPage","@id":"https:\/\/www.anagrimsicar.com\/index.php\/treningi-osebni-in-online-trening-ana-grimsicar\/","url":"https:\/\/www.anagrimsicar.com\/index.php\/treningi-osebni-in-online-trening-ana-grimsicar\/","name":"TRENERSTVO - Ana Grim&scaron;i\u010dar","isPartOf":{"@id":"https:\/\/www.anagrimsicar.com\/#website"},"primaryImageOfPage":{"@id":"https:\/\/www.anagrimsicar.com\/index.php\/treningi-osebni-in-online-trening-ana-grimsicar\/#primaryimage"},"image":{"@id":"https:\/\/www.anagrimsicar.com\/index.php\/treningi-osebni-in-online-trening-ana-grimsicar\/#primaryimage"},"thumbnailUrl":"https:\/\/www.anagrimsicar.com\/wp-content\/uploads\/2026\/02\/DSC_8077-1024x683-1-300x200.jpg","datePublished":"2024-01-30T12:59:42+00:00","dateModified":"2026-03-23T15:48:29+00:00","description":"Izberi osebni ali online trening po meri tvojih ciljev. Individualen pristop in strokovno vodenje. z Ano Grim\u0161i\u010dar.","breadcrumb":{"@id":"https:\/\/www.anagrimsicar.com\/index.php\/treningi-osebni-in-online-trening-ana-grimsicar\/#breadcrumb"},"inLanguage":"sl-SI","potentialAction":[{"@type":"ReadAction","target":["https:\/\/www.anagrimsicar.com\/index.php\/treningi-osebni-in-online-trening-ana-grimsicar\/"]}]},{"@type":"ImageObject","inLanguage":"sl-SI","@id":"https:\/\/www.anagrimsicar.com\/index.php\/treningi-osebni-in-online-trening-ana-grimsicar\/#primaryimage","url":"https:\/\/www.anagrimsicar.com\/wp-content\/uploads\/2026\/02\/DSC_8077-1024x683-1.jpg","contentUrl":"https:\/\/www.anagrimsicar.com\/wp-content\/uploads\/2026\/02\/DSC_8077-1024x683-1.jpg","width":1024,"height":683,"caption":"Osebne treninge izvajam na lokaciji Clever fit Kranj."},{"@type":"BreadcrumbList","@id":"https:\/\/www.anagrimsicar.com\/index.php\/treningi-osebni-in-online-trening-ana-grimsicar\/#breadcrumb","itemListElement":[{"@type":"ListItem","position":1,"name":"Home","item":"https:\/\/www.anagrimsicar.com\/"},{"@type":"ListItem","position":2,"name":"TRENERSTVO"}]},{"@type":"WebSite","@id":"https:\/\/www.anagrimsicar.com\/#website","url":"https:\/\/www.anagrimsicar.com\/","name":"Ana Grim&scaron;i\u010dar","description":"Osebno trenerstvo","potentialAction":[{"@type":"SearchAction","target":{"@type":"EntryPoint","urlTemplate":"https:\/\/www.anagrimsicar.com\/?s={search_term_string}"},"query-input":{"@type":"PropertyValueSpecification","valueRequired":true,"valueName":"search_term_string"}}],"inLanguage":"sl-SI"}]}},"_links":{"self":[{"href":"https:\/\/www.anagrimsicar.com\/index.php\/wp-json\/wp\/v2\/pages\/6306","targetHints":{"allow":["GET"]}}],"collection":[{"href":"https:\/\/www.anagrimsicar.com\/index.php\/wp-json\/wp\/v2\/pages"}],"about":[{"href":"https:\/\/www.anagrimsicar.com\/index.php\/wp-json\/wp\/v2\/types\/page"}],"author":[{"embeddable":true,"href":"https:\/\/www.anagrimsicar.com\/index.php\/wp-json\/wp\/v2\/users\/1"}],"replies":[{"embeddable":true,"href":"https:\/\/www.anagrimsicar.com\/index.php\/wp-json\/wp\/v2\/comments?post=6306"}],"version-history":[{"count":25,"href":"https:\/\/www.anagrimsicar.com\/index.php\/wp-json\/wp\/v2\/pages\/6306\/revisions"}],"predecessor-version":[{"id":6557,"href":"https:\/\/www.anagrimsicar.com\/index.php\/wp-json\/wp\/v2\/pages\/6306\/revisions\/6557"}],"wp:attachment":[{"href":"https:\/\/www.anagrimsicar.com\/index.php\/wp-json\/wp\/v2\/media?parent=6306"}],"wp:term":[{"taxonomy":"folder","embeddable":true,"href":"https:\/\/www.anagrimsicar.com\/index.php\/wp-json\/wp\/v2\/folder?post=6306"}],"curies":[{"name":"wp","href":"https:\/\/api.w.org\/{rel}","templated":true}]}}