{"id":6319,"date":"2024-01-30T13:06:37","date_gmt":"2024-01-30T13:06:37","guid":{"rendered":"https:\/\/www.anagrimsicar.com\/?page_id=6319"},"modified":"2026-02-01T14:01:42","modified_gmt":"2026-02-01T14:01:42","slug":"marketinske-storitve-digitalni-marketing-ana-grimsicar","status":"publish","type":"page","link":"https:\/\/www.anagrimsicar.com\/index.php\/marketinske-storitve-digitalni-marketing-ana-grimsicar\/","title":{"rendered":"MARKETIN\u0160KE STORITVE"},"content":{"rendered":"[vc_row type=&#8221;in_container&#8221; full_screen_row_position=&#8221;middle&#8221; column_margin=&#8221;default&#8221; column_direction=&#8221;default&#8221; column_direction_tablet=&#8221;default&#8221; column_direction_phone=&#8221;default&#8221; scene_position=&#8221;center&#8221; text_color=&#8221;dark&#8221; text_align=&#8221;left&#8221; row_border_radius=&#8221;none&#8221; row_border_radius_applies=&#8221;bg&#8221; overflow=&#8221;visible&#8221; overlay_strength=&#8221;0.3&#8243; gradient_direction=&#8221;left_to_right&#8221; shape_divider_position=&#8221;bottom&#8221; bg_image_animation=&#8221;none&#8221;][vc_column column_padding=&#8221;no-extra-padding&#8221; column_padding_tablet=&#8221;inherit&#8221; column_padding_phone=&#8221;inherit&#8221; column_padding_position=&#8221;all&#8221; top_margin=&#8221;10%&#8221; column_element_direction_desktop=&#8221;default&#8221; column_element_spacing=&#8221;default&#8221; desktop_text_alignment=&#8221;default&#8221; tablet_text_alignment=&#8221;default&#8221; phone_text_alignment=&#8221;default&#8221; background_color_opacity=&#8221;1&#8243; background_hover_color_opacity=&#8221;1&#8243; column_backdrop_filter=&#8221;none&#8221; column_shadow=&#8221;none&#8221; column_border_radius=&#8221;none&#8221; column_link_target=&#8221;_self&#8221; column_position=&#8221;default&#8221; gradient_direction=&#8221;left_to_right&#8221; overlay_strength=&#8221;0.3&#8243; width=&#8221;2\/3&#8243; tablet_width_inherit=&#8221;default&#8221; animation_type=&#8221;default&#8221; bg_image_animation=&#8221;none&#8221; border_type=&#8221;simple&#8221; column_border_width=&#8221;none&#8221; column_border_style=&#8221;solid&#8221; column_padding_type=&#8221;default&#8221; gradient_type=&#8221;default&#8221;][vc_column_text css_animation=&#8221;flipInX&#8221; css=&#8221;.vc_custom_1706620429319{margin-bottom: 20px !important;}&#8221; text_direction=&#8221;default&#8221;]\n<h2 style=\"text-align: center;\">Zakaj izbrati mene<\/h2>\n[\/vc_column_text][vc_column_text text_direction=&#8221;default&#8221;]\n<p style=\"text-align: center;\">Ponujam tudi marketin\u0161ke storitve, predvsem \u00bbinfluencer marketing\u00ab preko mojih omre\u017eij za podjetja, s katerim se ukvarjam \u017ee kar nekaj \u010dasa. Ob\u010dasno opravljam tudi fotografiranja kot model, ustvarjam vsebino za naro\u010dnike oziroma pripravim na\u010drt\/vodim dru\u017ebena. Moja primarna dejavnost je sicer \u0161port in trenerstvo, pa vendar tudi to opravljam z najve\u010djim veseljem.<\/p>\n[\/vc_column_text][vc_column_text css_animation=&#8221;fadeInUp&#8221; text_direction=&#8221;default&#8221;]\n<h5 style=\"text-align: center;\">STORITVE:<\/h5>\n<h5 style=\"text-align: center;\">influencer marketing; promocija preko mojih kanalov<\/h5>\n<h5 style=\"text-align: center;\">\u00a0ustvarjanje vsebine za naro\u010dnike (podjetja)<\/h5>\n<h5 style=\"text-align: center;\">\u00a0vodenje dru\u017ebenih omre\u017eij<\/h5>\n<h5 style=\"text-align: center;\">\u00a0priprava vsebin za dru\u017ebena omre\u017eja<\/h5>\n<h5 style=\"text-align: center;\">\u00a0modeliranje za fotografiranja<\/h5>\n[\/vc_column_text][\/vc_column][vc_column column_padding=&#8221;no-extra-padding&#8221; column_padding_tablet=&#8221;inherit&#8221; column_padding_phone=&#8221;inherit&#8221; column_padding_position=&#8221;all&#8221; column_element_direction_desktop=&#8221;default&#8221; column_element_spacing=&#8221;default&#8221; desktop_text_alignment=&#8221;default&#8221; tablet_text_alignment=&#8221;default&#8221; phone_text_alignment=&#8221;default&#8221; background_color_opacity=&#8221;1&#8243; background_hover_color_opacity=&#8221;1&#8243; column_backdrop_filter=&#8221;none&#8221; column_shadow=&#8221;none&#8221; column_border_radius=&#8221;none&#8221; column_link_target=&#8221;_self&#8221; column_position=&#8221;default&#8221; gradient_direction=&#8221;left_to_right&#8221; overlay_strength=&#8221;0.3&#8243; width=&#8221;1\/3&#8243; tablet_width_inherit=&#8221;default&#8221; animation_type=&#8221;default&#8221; bg_image_animation=&#8221;none&#8221; border_type=&#8221;simple&#8221; column_border_width=&#8221;none&#8221; column_border_style=&#8221;solid&#8221;][carousel script=&#8221;flickity&#8221; flickity_formatting=&#8221;default&#8221; desktop_cols_flickity=&#8221;1&#8243; desktop_small_cols_flickity=&#8221;1&#8243; tablet_cols_flickity=&#8221;1&#8243; phone_cols_flickity=&#8221;1&#8243; flickity_controls=&#8221;default&#8221; color=&#8221;default&#8221; flickity_overflow=&#8221;hidden&#8221; flickity_wrap_around=&#8221;wrap&#8221; pagination_alignment_flickity=&#8221;default&#8221; flickity_spacing=&#8221;default&#8221; flickity_column_vertical_alignment=&#8221;default&#8221; column_padding=&#8221;0&#8243; flickity_element_spacing=&#8221;default&#8221; border_radius=&#8221;none&#8221; autorotate=&#8221;true&#8221; autorotate_type=&#8221;default&#8221; autorotation_speed=&#8221;1500&#8243;][item simple_slider_bg_image_position=&#8221;default&#8221; simple_slider_overlay_strength=&#8221;0.3&#8243; simple_slider_bg_image_loading=&#8221;default&#8221; id=&#8221;1706781990044-10&#8243; tab_id=&#8221;1706781990045-6&#8243; title=&#8221;Item&#8221;][image_with_animation image_url=&#8221;6068&#8243; image_size=&#8221;full&#8221; animation_type=&#8221;entrance&#8221; animation=&#8221;None&#8221; animation_movement_type=&#8221;transform_y&#8221; hover_animation=&#8221;none&#8221; alignment=&#8221;&#8221; border_radius=&#8221;none&#8221; box_shadow=&#8221;none&#8221; image_loading=&#8221;default&#8221; max_width=&#8221;100%&#8221; max_width_mobile=&#8221;default&#8221;][vc_column_text][\/vc_column_text][\/item][item simple_slider_bg_image_position=&#8221;default&#8221; simple_slider_overlay_strength=&#8221;0.3&#8243; simple_slider_bg_image_loading=&#8221;default&#8221; id=&#8221;1706781990126-8&#8243; tab_id=&#8221;1706781990127-1&#8243; title=&#8221;Item&#8221;][image_with_animation image_url=&#8221;6187&#8243; image_size=&#8221;full&#8221; animation_type=&#8221;entrance&#8221; animation=&#8221;None&#8221; animation_movement_type=&#8221;transform_y&#8221; hover_animation=&#8221;none&#8221; alignment=&#8221;&#8221; border_radius=&#8221;none&#8221; box_shadow=&#8221;none&#8221; image_loading=&#8221;default&#8221; max_width=&#8221;100%&#8221; max_width_mobile=&#8221;default&#8221;][vc_column_text][\/vc_column_text][\/item][item simple_slider_bg_image_position=&#8221;default&#8221; simple_slider_overlay_strength=&#8221;0.3&#8243; simple_slider_bg_image_loading=&#8221;default&#8221; id=&#8221;1706781990164-1&#8243; tab_id=&#8221;1706781990165-9&#8243; title=&#8221;Item&#8221;][image_with_animation image_url=&#8221;6280&#8243; image_size=&#8221;full&#8221; animation_type=&#8221;entrance&#8221; animation=&#8221;None&#8221; animation_movement_type=&#8221;transform_y&#8221; hover_animation=&#8221;none&#8221; alignment=&#8221;&#8221; border_radius=&#8221;none&#8221; box_shadow=&#8221;none&#8221; image_loading=&#8221;default&#8221; max_width=&#8221;100%&#8221; max_width_mobile=&#8221;default&#8221;][vc_column_text][\/vc_column_text][\/item][\/carousel][\/vc_column][\/vc_row][vc_row type=&#8221;in_container&#8221; full_screen_row_position=&#8221;middle&#8221; column_margin=&#8221;default&#8221; column_direction=&#8221;default&#8221; column_direction_tablet=&#8221;default&#8221; column_direction_phone=&#8221;default&#8221; scene_position=&#8221;center&#8221; text_color=&#8221;dark&#8221; text_align=&#8221;left&#8221; row_border_radius=&#8221;none&#8221; row_border_radius_applies=&#8221;bg&#8221; overflow=&#8221;visible&#8221; overlay_strength=&#8221;0.3&#8243; gradient_direction=&#8221;left_to_right&#8221; shape_divider_position=&#8221;bottom&#8221; bg_image_animation=&#8221;none&#8221;][vc_column column_padding=&#8221;no-extra-padding&#8221; column_padding_tablet=&#8221;inherit&#8221; column_padding_phone=&#8221;inherit&#8221; column_padding_position=&#8221;all&#8221; column_element_direction_desktop=&#8221;default&#8221; column_element_spacing=&#8221;default&#8221; desktop_text_alignment=&#8221;default&#8221; tablet_text_alignment=&#8221;default&#8221; phone_text_alignment=&#8221;default&#8221; background_color_opacity=&#8221;1&#8243; background_hover_color_opacity=&#8221;1&#8243; column_backdrop_filter=&#8221;none&#8221; column_shadow=&#8221;none&#8221; column_border_radius=&#8221;none&#8221; column_link_target=&#8221;_self&#8221; column_position=&#8221;default&#8221; gradient_direction=&#8221;left_to_right&#8221; overlay_strength=&#8221;0.3&#8243; width=&#8221;1\/1&#8243; tablet_width_inherit=&#8221;default&#8221; animation_type=&#8221;default&#8221; bg_image_animation=&#8221;none&#8221; border_type=&#8221;simple&#8221; column_border_width=&#8221;none&#8221; column_border_style=&#8221;solid&#8221;][split_line_heading animation_type=&#8221;line-reveal-by-space&#8221; font_style=&#8221;h3&#8243; line_reveal_by_space_text_effect=&#8221;default&#8221; content_alignment=&#8221;center&#8221; mobile_content_alignment=&#8221;inherit&#8221; link_target=&#8221;_self&#8221; text_content=&#8221;REFERENCE&#8221; text_direction=&#8221;default&#8221;][\/split_line_heading][\/vc_column][\/vc_row][vc_row type=&#8221;in_container&#8221; full_screen_row_position=&#8221;middle&#8221; column_margin=&#8221;default&#8221; column_direction=&#8221;default&#8221; column_direction_tablet=&#8221;default&#8221; column_direction_phone=&#8221;default&#8221; scene_position=&#8221;center&#8221; text_color=&#8221;dark&#8221; text_align=&#8221;left&#8221; row_border_radius=&#8221;none&#8221; row_border_radius_applies=&#8221;bg&#8221; overflow=&#8221;visible&#8221; overlay_strength=&#8221;0.3&#8243; gradient_direction=&#8221;left_to_right&#8221; shape_divider_position=&#8221;bottom&#8221; bg_image_animation=&#8221;none&#8221;][vc_column column_padding=&#8221;no-extra-padding&#8221; column_padding_tablet=&#8221;inherit&#8221; column_padding_phone=&#8221;inherit&#8221; column_padding_position=&#8221;all&#8221; column_element_direction_desktop=&#8221;default&#8221; column_element_spacing=&#8221;default&#8221; desktop_text_alignment=&#8221;default&#8221; tablet_text_alignment=&#8221;default&#8221; phone_text_alignment=&#8221;default&#8221; background_color_opacity=&#8221;1&#8243; background_hover_color_opacity=&#8221;1&#8243; column_backdrop_filter=&#8221;none&#8221; column_shadow=&#8221;none&#8221; column_border_radius=&#8221;none&#8221; column_link_target=&#8221;_self&#8221; column_position=&#8221;default&#8221; gradient_direction=&#8221;left_to_right&#8221; overlay_strength=&#8221;0.3&#8243; width=&#8221;1\/3&#8243; tablet_width_inherit=&#8221;default&#8221; animation_type=&#8221;default&#8221; bg_image_animation=&#8221;none&#8221; border_type=&#8221;simple&#8221; column_border_width=&#8221;none&#8221; column_border_style=&#8221;solid&#8221;][image_with_animation image_url=&#8221;6279&#8243; image_size=&#8221;medium&#8221; animation_type=&#8221;entrance&#8221; animation=&#8221;None&#8221; animation_movement_type=&#8221;transform_y&#8221; hover_animation=&#8221;none&#8221; alignment=&#8221;&#8221; border_radius=&#8221;none&#8221; box_shadow=&#8221;none&#8221; image_loading=&#8221;default&#8221; max_width=&#8221;100%&#8221; max_width_mobile=&#8221;default&#8221;][\/vc_column][vc_column column_padding=&#8221;no-extra-padding&#8221; column_padding_tablet=&#8221;inherit&#8221; column_padding_phone=&#8221;inherit&#8221; column_padding_position=&#8221;all&#8221; column_element_direction_desktop=&#8221;default&#8221; column_element_spacing=&#8221;default&#8221; desktop_text_alignment=&#8221;default&#8221; tablet_text_alignment=&#8221;default&#8221; phone_text_alignment=&#8221;default&#8221; background_color_opacity=&#8221;1&#8243; background_hover_color_opacity=&#8221;1&#8243; column_backdrop_filter=&#8221;none&#8221; column_shadow=&#8221;none&#8221; column_border_radius=&#8221;none&#8221; column_link_target=&#8221;_self&#8221; column_position=&#8221;default&#8221; gradient_direction=&#8221;left_to_right&#8221; overlay_strength=&#8221;0.3&#8243; width=&#8221;1\/3&#8243; tablet_width_inherit=&#8221;default&#8221; animation_type=&#8221;default&#8221; bg_image_animation=&#8221;none&#8221; border_type=&#8221;simple&#8221; column_border_width=&#8221;none&#8221; column_border_style=&#8221;solid&#8221;][vc_column_text css_animation=&#8221;fadeInUp&#8221; text_direction=&#8221;default&#8221;]Med drugim sem sodelovala s podjetji Gianna Bellucci, dru\u0161tvo Street Workout Slovenija, The Nutrition Kranj, S2B Slovenija, Nicks, Wolt, Lumden shop, About You, Futunatura, Bandasy, Aeon, Clever Fit, Proteini.si, Clariteca in drugi&#8230;[\/vc_column_text][\/vc_column][\/vc_row][vc_row type=&#8221;in_container&#8221; full_screen_row_position=&#8221;middle&#8221; column_margin=&#8221;default&#8221; column_direction=&#8221;default&#8221; column_direction_tablet=&#8221;default&#8221; column_direction_phone=&#8221;default&#8221; scene_position=&#8221;center&#8221; text_color=&#8221;dark&#8221; text_align=&#8221;left&#8221; row_border_radius=&#8221;none&#8221; row_border_radius_applies=&#8221;bg&#8221; overflow=&#8221;visible&#8221; overlay_strength=&#8221;0.3&#8243; gradient_direction=&#8221;left_to_right&#8221; shape_divider_position=&#8221;bottom&#8221; bg_image_animation=&#8221;none&#8221;][vc_column column_padding=&#8221;no-extra-padding&#8221; column_padding_tablet=&#8221;inherit&#8221; column_padding_phone=&#8221;inherit&#8221; column_padding_position=&#8221;all&#8221; column_element_direction_desktop=&#8221;default&#8221; column_element_spacing=&#8221;default&#8221; desktop_text_alignment=&#8221;default&#8221; tablet_text_alignment=&#8221;default&#8221; phone_text_alignment=&#8221;default&#8221; background_color_opacity=&#8221;1&#8243; background_hover_color_opacity=&#8221;1&#8243; column_backdrop_filter=&#8221;none&#8221; column_shadow=&#8221;none&#8221; column_border_radius=&#8221;none&#8221; column_link_target=&#8221;_self&#8221; column_position=&#8221;default&#8221; gradient_direction=&#8221;left_to_right&#8221; overlay_strength=&#8221;0.3&#8243; width=&#8221;1\/1&#8243; tablet_width_inherit=&#8221;default&#8221; animation_type=&#8221;default&#8221; bg_image_animation=&#8221;none&#8221; border_type=&#8221;simple&#8221; column_border_width=&#8221;none&#8221; column_border_style=&#8221;solid&#8221;][vc_row_inner column_margin=&#8221;default&#8221; column_direction=&#8221;default&#8221; column_direction_tablet=&#8221;default&#8221; column_direction_phone=&#8221;default&#8221; bottom_padding=&#8221;0px&#8221; bottom_padding_tablet=&#8221;40px&#8221; bottom_padding_phone=&#8221;40px&#8221; text_align=&#8221;left&#8221; row_position=&#8221;default&#8221; row_position_tablet=&#8221;inherit&#8221; row_position_phone=&#8221;inherit&#8221; overflow=&#8221;visible&#8221; pointer_events=&#8221;all&#8221;][vc_column_inner column_padding=&#8221;no-extra-padding&#8221; column_padding_tablet=&#8221;inherit&#8221; column_padding_phone=&#8221;inherit&#8221; column_padding_position=&#8221;all&#8221; column_element_direction_desktop=&#8221;default&#8221; column_element_spacing=&#8221;default&#8221; desktop_text_alignment=&#8221;default&#8221; tablet_text_alignment=&#8221;default&#8221; phone_text_alignment=&#8221;default&#8221; background_color_opacity=&#8221;1&#8243; background_hover_color_opacity=&#8221;1&#8243; column_backdrop_filter=&#8221;none&#8221; column_shadow=&#8221;none&#8221; column_border_radius=&#8221;none&#8221; column_link_target=&#8221;_self&#8221; overflow=&#8221;visible&#8221; gradient_direction=&#8221;left_to_right&#8221; overlay_strength=&#8221;0.3&#8243; width=&#8221;1\/1&#8243; tablet_width_inherit=&#8221;default&#8221; animation_type=&#8221;default&#8221; enable_animation=&#8221;true&#8221; animation=&#8221;fade-in-from-bottom&#8221; animation_easing=&#8221;default&#8221; bg_image_animation=&#8221;none&#8221; border_type=&#8221;simple&#8221; column_border_width=&#8221;none&#8221; column_border_style=&#8221;solid&#8221;][nectar_cta btn_style=&#8221;arrow-animation&#8221; heading_tag=&#8221;h6&#8243; button_color=&#8221;accent-color&#8221; text_color=&#8221;#ffffff&#8221; button_border_thickness=&#8221;0px&#8221; link_type=&#8221;regular&#8221; alignment=&#8221;center&#8221; alignment_tablet=&#8221;default&#8221; alignment_phone=&#8221;default&#8221; display=&#8221;block&#8221; display_tablet=&#8221;inherit&#8221; display_phone=&#8221;inherit&#8221; link_text=&#8221;KONTAKT&#8221; padding_top=&#8221;15&#8243; padding_right=&#8221;35&#8243; padding_bottom=&#8221;15&#8243; padding_left=&#8221;35&#8243; url=&#8221;https:\/\/www.anagrimsicar.com\/index.php\/kontakt\/&#8221;][\/vc_column_inner][\/vc_row_inner][\/vc_column][\/vc_row]\n","protected":false},"excerpt":{"rendered":"<p>[vc_row type=&#8221;in_container&#8221; full_screen_row_position=&#8221;middle&#8221; column_margin=&#8221;default&#8221; column_direction=&#8221;default&#8221; column_direction_tablet=&#8221;default&#8221; column_direction_phone=&#8221;default&#8221; scene_position=&#8221;center&#8221; text_color=&#8221;dark&#8221; text_align=&#8221;left&#8221; row_border_radius=&#8221;none&#8221; row_border_radius_applies=&#8221;bg&#8221; overflow=&#8221;visible&#8221; overlay_strength=&#8221;0.3&#8243; gradient_direction=&#8221;left_to_right&#8221; shape_divider_position=&#8221;bottom&#8221; bg_image_animation=&#8221;none&#8221;][vc_column column_padding=&#8221;no-extra-padding&#8221; column_padding_tablet=&#8221;inherit&#8221; column_padding_phone=&#8221;inherit&#8221; column_padding_position=&#8221;all&#8221; top_margin=&#8221;10%&#8221; column_element_direction_desktop=&#8221;default&#8221; column_element_spacing=&#8221;default&#8221; desktop_text_alignment=&#8221;default&#8221; tablet_text_alignment=&#8221;default&#8221; phone_text_alignment=&#8221;default&#8221; background_color_opacity=&#8221;1&#8243; background_hover_color_opacity=&#8221;1&#8243; column_backdrop_filter=&#8221;none&#8221;&#8230;<\/p>\n","protected":false},"author":1,"featured_media":0,"parent":0,"menu_order":0,"comment_status":"closed","ping_status":"closed","template":"","meta":{"_monsterinsights_skip_tracking":false,"_monsterinsights_sitenote_active":false,"_monsterinsights_sitenote_note":"","_monsterinsights_sitenote_category":0,"footnotes":""},"folder":[],"class_list":["post-6319","page","type-page","status-publish"],"yoast_head":"<!-- This site is optimized with the Yoast SEO plugin v26.8 - https:\/\/yoast.com\/product\/yoast-seo-wordpress\/ -->\n<title>MARKETIN\u0160KE STORITVE - Ana Grim&scaron;i\u010dar<\/title>\n<meta name=\"description\" content=\"Marketin\u0161ke storitve za osebne blagovne znamke in podjetja \u2013 strategija, vsebina in podpora rasti.\" \/>\n<meta name=\"robots\" content=\"index, follow, max-snippet:-1, max-image-preview:large, max-video-preview:-1\" \/>\n<link rel=\"canonical\" href=\"https:\/\/www.anagrimsicar.com\/index.php\/marketinske-storitve-digitalni-marketing-ana-grimsicar\/\" \/>\n<meta property=\"og:locale\" content=\"sl_SI\" \/>\n<meta property=\"og:type\" content=\"article\" \/>\n<meta property=\"og:title\" content=\"MARKETIN\u0160KE STORITVE - Ana Grim&scaron;i\u010dar\" \/>\n<meta property=\"og:description\" content=\"Marketin\u0161ke storitve za osebne blagovne znamke in podjetja \u2013 strategija, vsebina in podpora rasti.\" \/>\n<meta property=\"og:url\" content=\"https:\/\/www.anagrimsicar.com\/index.php\/marketinske-storitve-digitalni-marketing-ana-grimsicar\/\" \/>\n<meta property=\"og:site_name\" content=\"Ana Grim&scaron;i\u010dar\" \/>\n<meta property=\"article:modified_time\" content=\"2026-02-01T14:01:42+00:00\" \/>\n<meta name=\"twitter:card\" content=\"summary_large_image\" \/>\n<meta name=\"twitter:label1\" content=\"Est. reading time\" \/>\n\t<meta name=\"twitter:data1\" content=\"2 minuti\" \/>\n<script type=\"application\/ld+json\" class=\"yoast-schema-graph\">{\"@context\":\"https:\/\/schema.org\",\"@graph\":[{\"@type\":\"WebPage\",\"@id\":\"https:\/\/www.anagrimsicar.com\/index.php\/marketinske-storitve-digitalni-marketing-ana-grimsicar\/\",\"url\":\"https:\/\/www.anagrimsicar.com\/index.php\/marketinske-storitve-digitalni-marketing-ana-grimsicar\/\",\"name\":\"MARKETIN\u0160KE STORITVE - Ana Grim&scaron;i\u010dar\",\"isPartOf\":{\"@id\":\"https:\/\/www.anagrimsicar.com\/#website\"},\"datePublished\":\"2024-01-30T13:06:37+00:00\",\"dateModified\":\"2026-02-01T14:01:42+00:00\",\"description\":\"Marketin\u0161ke storitve za osebne blagovne znamke in podjetja \u2013 strategija, vsebina in podpora rasti.\",\"breadcrumb\":{\"@id\":\"https:\/\/www.anagrimsicar.com\/index.php\/marketinske-storitve-digitalni-marketing-ana-grimsicar\/#breadcrumb\"},\"inLanguage\":\"sl-SI\",\"potentialAction\":[{\"@type\":\"ReadAction\",\"target\":[\"https:\/\/www.anagrimsicar.com\/index.php\/marketinske-storitve-digitalni-marketing-ana-grimsicar\/\"]}]},{\"@type\":\"BreadcrumbList\",\"@id\":\"https:\/\/www.anagrimsicar.com\/index.php\/marketinske-storitve-digitalni-marketing-ana-grimsicar\/#breadcrumb\",\"itemListElement\":[{\"@type\":\"ListItem\",\"position\":1,\"name\":\"Home\",\"item\":\"https:\/\/www.anagrimsicar.com\/\"},{\"@type\":\"ListItem\",\"position\":2,\"name\":\"MARKETIN\u0160KE STORITVE\"}]},{\"@type\":\"WebSite\",\"@id\":\"https:\/\/www.anagrimsicar.com\/#website\",\"url\":\"https:\/\/www.anagrimsicar.com\/\",\"name\":\"Ana Grim&scaron;i\u010dar\",\"description\":\"Osebno trenerstvo\",\"potentialAction\":[{\"@type\":\"SearchAction\",\"target\":{\"@type\":\"EntryPoint\",\"urlTemplate\":\"https:\/\/www.anagrimsicar.com\/?s={search_term_string}\"},\"query-input\":{\"@type\":\"PropertyValueSpecification\",\"valueRequired\":true,\"valueName\":\"search_term_string\"}}],\"inLanguage\":\"sl-SI\"}]}<\/script>\n<!-- \/ Yoast SEO plugin. -->","yoast_head_json":{"title":"MARKETIN\u0160KE STORITVE - Ana Grim&scaron;i\u010dar","description":"Marketin\u0161ke storitve za osebne blagovne znamke in podjetja \u2013 strategija, vsebina in podpora rasti.","robots":{"index":"index","follow":"follow","max-snippet":"max-snippet:-1","max-image-preview":"max-image-preview:large","max-video-preview":"max-video-preview:-1"},"canonical":"https:\/\/www.anagrimsicar.com\/index.php\/marketinske-storitve-digitalni-marketing-ana-grimsicar\/","og_locale":"sl_SI","og_type":"article","og_title":"MARKETIN\u0160KE STORITVE - Ana Grim&scaron;i\u010dar","og_description":"Marketin\u0161ke storitve za osebne blagovne znamke in podjetja \u2013 strategija, vsebina in podpora rasti.","og_url":"https:\/\/www.anagrimsicar.com\/index.php\/marketinske-storitve-digitalni-marketing-ana-grimsicar\/","og_site_name":"Ana Grim&scaron;i\u010dar","article_modified_time":"2026-02-01T14:01:42+00:00","twitter_card":"summary_large_image","twitter_misc":{"Est. reading time":"2 minuti"},"schema":{"@context":"https:\/\/schema.org","@graph":[{"@type":"WebPage","@id":"https:\/\/www.anagrimsicar.com\/index.php\/marketinske-storitve-digitalni-marketing-ana-grimsicar\/","url":"https:\/\/www.anagrimsicar.com\/index.php\/marketinske-storitve-digitalni-marketing-ana-grimsicar\/","name":"MARKETIN\u0160KE STORITVE - Ana Grim&scaron;i\u010dar","isPartOf":{"@id":"https:\/\/www.anagrimsicar.com\/#website"},"datePublished":"2024-01-30T13:06:37+00:00","dateModified":"2026-02-01T14:01:42+00:00","description":"Marketin\u0161ke storitve za osebne blagovne znamke in podjetja \u2013 strategija, vsebina in podpora rasti.","breadcrumb":{"@id":"https:\/\/www.anagrimsicar.com\/index.php\/marketinske-storitve-digitalni-marketing-ana-grimsicar\/#breadcrumb"},"inLanguage":"sl-SI","potentialAction":[{"@type":"ReadAction","target":["https:\/\/www.anagrimsicar.com\/index.php\/marketinske-storitve-digitalni-marketing-ana-grimsicar\/"]}]},{"@type":"BreadcrumbList","@id":"https:\/\/www.anagrimsicar.com\/index.php\/marketinske-storitve-digitalni-marketing-ana-grimsicar\/#breadcrumb","itemListElement":[{"@type":"ListItem","position":1,"name":"Home","item":"https:\/\/www.anagrimsicar.com\/"},{"@type":"ListItem","position":2,"name":"MARKETIN\u0160KE STORITVE"}]},{"@type":"WebSite","@id":"https:\/\/www.anagrimsicar.com\/#website","url":"https:\/\/www.anagrimsicar.com\/","name":"Ana Grim&scaron;i\u010dar","description":"Osebno trenerstvo","potentialAction":[{"@type":"SearchAction","target":{"@type":"EntryPoint","urlTemplate":"https:\/\/www.anagrimsicar.com\/?s={search_term_string}"},"query-input":{"@type":"PropertyValueSpecification","valueRequired":true,"valueName":"search_term_string"}}],"inLanguage":"sl-SI"}]}},"_links":{"self":[{"href":"https:\/\/www.anagrimsicar.com\/index.php\/wp-json\/wp\/v2\/pages\/6319","targetHints":{"allow":["GET"]}}],"collection":[{"href":"https:\/\/www.anagrimsicar.com\/index.php\/wp-json\/wp\/v2\/pages"}],"about":[{"href":"https:\/\/www.anagrimsicar.com\/index.php\/wp-json\/wp\/v2\/types\/page"}],"author":[{"embeddable":true,"href":"https:\/\/www.anagrimsicar.com\/index.php\/wp-json\/wp\/v2\/users\/1"}],"replies":[{"embeddable":true,"href":"https:\/\/www.anagrimsicar.com\/index.php\/wp-json\/wp\/v2\/comments?post=6319"}],"version-history":[{"count":20,"href":"https:\/\/www.anagrimsicar.com\/index.php\/wp-json\/wp\/v2\/pages\/6319\/revisions"}],"predecessor-version":[{"id":6522,"href":"https:\/\/www.anagrimsicar.com\/index.php\/wp-json\/wp\/v2\/pages\/6319\/revisions\/6522"}],"wp:attachment":[{"href":"https:\/\/www.anagrimsicar.com\/index.php\/wp-json\/wp\/v2\/media?parent=6319"}],"wp:term":[{"taxonomy":"folder","embeddable":true,"href":"https:\/\/www.anagrimsicar.com\/index.php\/wp-json\/wp\/v2\/folder?post=6319"}],"curies":[{"name":"wp","href":"https:\/\/api.w.org\/{rel}","templated":true}]}}