{"id":6501,"date":"2026-01-29T11:10:27","date_gmt":"2026-01-29T11:10:27","guid":{"rendered":"https:\/\/www.anagrimsicar.com\/?page_id=6501"},"modified":"2026-02-01T14:08:05","modified_gmt":"2026-02-01T14:08:05","slug":"pogosta-vprasanja-in-odgovori-ana-grimsicar","status":"publish","type":"page","link":"https:\/\/www.anagrimsicar.com\/index.php\/pogosta-vprasanja-in-odgovori-ana-grimsicar\/","title":{"rendered":"Pogosta vpra\u0161anja in odgovori"},"content":{"rendered":"[vc_row type=&#8221;in_container&#8221; full_screen_row_position=&#8221;middle&#8221; column_margin=&#8221;default&#8221; column_direction=&#8221;default&#8221; column_direction_tablet=&#8221;default&#8221; column_direction_phone=&#8221;default&#8221; scene_position=&#8221;center&#8221; text_color=&#8221;dark&#8221; text_align=&#8221;left&#8221; row_border_radius=&#8221;none&#8221; row_border_radius_applies=&#8221;bg&#8221; row_position_desktop=&#8221;default&#8221; row_position_tablet=&#8221;inherit&#8221; row_position_phone=&#8221;inherit&#8221; overflow=&#8221;visible&#8221; overlay_strength=&#8221;0.3&#8243; gradient_direction=&#8221;left_to_right&#8221; shape_divider_position=&#8221;bottom&#8221; bg_image_animation=&#8221;none&#8221;][vc_column column_padding=&#8221;no-extra-padding&#8221; column_padding_tablet=&#8221;inherit&#8221; column_padding_phone=&#8221;inherit&#8221; column_padding_position=&#8221;all&#8221; flex_gap_desktop=&#8221;10px&#8221; column_element_direction_desktop=&#8221;default&#8221; column_element_spacing=&#8221;default&#8221; desktop_text_alignment=&#8221;default&#8221; tablet_text_alignment=&#8221;default&#8221; phone_text_alignment=&#8221;default&#8221; background_color_opacity=&#8221;1&#8243; background_hover_color_opacity=&#8221;1&#8243; column_backdrop_filter=&#8221;none&#8221; column_shadow=&#8221;none&#8221; column_border_radius=&#8221;none&#8221; column_link_target=&#8221;_self&#8221; column_position=&#8221;default&#8221; gradient_direction=&#8221;left_to_right&#8221; overlay_strength=&#8221;0.3&#8243; width=&#8221;1\/1&#8243; tablet_width_inherit=&#8221;default&#8221; animation_type=&#8221;default&#8221; bg_image_animation=&#8221;none&#8221; border_type=&#8221;simple&#8221; column_border_width=&#8221;none&#8221; column_border_style=&#8221;solid&#8221;][vc_row_inner column_margin=&#8221;default&#8221; column_direction=&#8221;default&#8221; column_direction_tablet=&#8221;default&#8221; column_direction_phone=&#8221;default&#8221; text_align=&#8221;left&#8221; row_position=&#8221;default&#8221; row_position_tablet=&#8221;inherit&#8221; row_position_phone=&#8221;inherit&#8221; overflow=&#8221;visible&#8221; pointer_events=&#8221;all&#8221;][vc_column_inner column_padding=&#8221;no-extra-padding&#8221; column_padding_tablet=&#8221;inherit&#8221; column_padding_phone=&#8221;inherit&#8221; column_padding_position=&#8221;all&#8221; flex_gap_desktop=&#8221;10px&#8221; column_element_direction_desktop=&#8221;default&#8221; column_element_spacing=&#8221;default&#8221; desktop_text_alignment=&#8221;default&#8221; tablet_text_alignment=&#8221;default&#8221; phone_text_alignment=&#8221;default&#8221; background_color_opacity=&#8221;1&#8243; background_hover_color_opacity=&#8221;1&#8243; column_backdrop_filter=&#8221;none&#8221; column_shadow=&#8221;none&#8221; column_border_radius=&#8221;none&#8221; column_link_target=&#8221;_self&#8221; overflow=&#8221;visible&#8221; gradient_direction=&#8221;left_to_right&#8221; overlay_strength=&#8221;0.3&#8243; width=&#8221;1\/1&#8243; tablet_width_inherit=&#8221;default&#8221; animation_type=&#8221;default&#8221; bg_image_animation=&#8221;none&#8221; border_type=&#8221;simple&#8221; column_border_width=&#8221;none&#8221; column_border_style=&#8221;solid&#8221;][vc_column_text css=&#8221;&#8221; text_direction=&#8221;default&#8221;]\n<h2 data-start=\"305\" data-end=\"330\">Pogosta vpra\u0161anja (FAQ)<\/h2>\n<h4 data-start=\"332\" data-end=\"382\">1. Kaj ponujam kot osebna trenerka?<\/h4>\n<p data-start=\"383\" data-end=\"513\">Pomagam posameznikom dose\u010di bolj\u0161e po\u010dutje, ve\u010d mo\u010di, samozavesti in zdrav odnos do gibanja z individualno prilagojenim treningom\/trening programom. Seveda s tem dose\u017ee\u0161 tudi ostale cilje, kot so izguba telesne te\u017ee\/ma\u0161\u010dobe, pridobivanje mi\u0161i\u010dne mase, hkrati pa ti nudim prehranske usmeritve. Na voljo sem ti 24\/7\u00a0 tudi kot podpora pri celotnem procesu.<\/p>\n<h4 data-start=\"515\" data-end=\"557\">2. Komu je osebno trenerstvo namenjeno?<\/h4>\n<p data-start=\"558\" data-end=\"680\">Vsem \u2013 za\u010detnikom, rekreativcem, \u017eenskam, mo\u0161kim, starej\u0161im, zaposlenim z malo \u010dasa, osebam, ki trenirajo \u017ee dlje \u010dasa in ne vidijo ve\u010d napredka ter vsem tistim, ki si \u017eelijo trajne rezultate.<\/p>\n<h4 data-start=\"682\" data-end=\"735\">3. Ali je osebno trenerstvo primerno za za\u010detnike?<\/h4>\n<p data-start=\"736\" data-end=\"806\">Da. Trening je prilagojen tvojemu trenutnemu stanju, znanju in ciljem.<\/p>\n<h4 data-start=\"808\" data-end=\"848\">4. Kaj \u010de \u017ee dolgo nisem treniral\/-a?<\/h4>\n<p data-start=\"849\" data-end=\"903\">Ni problema. Za\u010dnemo postopoma in prilagajamo\/stopnjujemo sproti.<\/p>\n<h4 data-start=\"905\" data-end=\"951\">5. Ali lahko z osebnim trenerstvom shuj\u0161am?<\/h4>\n<p data-start=\"952\" data-end=\"1009\">Da. Fokus je na dolgoro\u010dnih spremembah, vendar bodo potrebne tudi spremembe pri prehranjevanju &#8211; hitre diete ne pridejo v po\u0161tev.<\/p>\n<h4 data-start=\"1011\" data-end=\"1042\">6. Kako poteka prvi trening?<\/h4>\n<p data-start=\"1043\" data-end=\"1138\">Najprej se pogovoriva o ciljih, navadah in morebitnih omejitvah, nato sledi prilagojen trening. Preveriva vse osnovne gibalne vzorce, da vidiva kak\u0161ne so tvoje trenutne zmo\u017enosti. To bo najina za\u010detna to\u010dka iz katere gradiva naprej.<\/p>\n<h4 data-start=\"1140\" data-end=\"1184\">7. Ali se trening prilagodi mojim ciljem?<\/h4>\n<p data-start=\"1185\" data-end=\"1249\">Vedno. Vsak program je individualen, prilagaja se tudi sproti glede na tvoje \u017eivljenjske situacije.<\/p>\n<h4 data-start=\"1251\" data-end=\"1290\">8. Kako pogosto priporo\u010date trening?<\/h4>\n<p data-start=\"1291\" data-end=\"1360\">Najpogosteje 2\u20133x tedensko, odvisno pa je tudi od ciljev in tvojega trenutnega \u017eivljenjskega sloga in \u010dasa.<\/p>\n<h4 data-start=\"1362\" data-end=\"1396\">9. Kako dolgo traja en trening?<\/h4>\n<p data-start=\"1397\" data-end=\"1418\">Obi\u010dajno 60 minut. Na trening lahko pride\u0161 tudi 10-15min prej in se samostojno ogreje\u0161, da si ob uri \u017ee pripravljen\/a.<\/p>\n<h4 data-start=\"1420\" data-end=\"1463\">10. Ali ponujate tudi online\/spletno trenerstvo?<\/h4>\n<p data-start=\"1464\" data-end=\"1536\">Seveda. Online programi so strukturirani, vodeni in prilagojeni posamezniku. Ponujam 3 razli\u010dne pakete glede na koli\u010dino storitev, ki jo \u017eeli\u0161\/potrebuje\u0161.<\/p>\n<h4 data-start=\"1538\" data-end=\"1569\">11. Ali lahko treniram doma?<\/h4>\n<p data-start=\"1570\" data-end=\"1625\">Seveda. Trening lahko poteka doma, zunaj ali v fitnesu (online\/spletno trenerstvo). Osebno trenerstvo v \u017eivo je mo\u017eno v Kranju (Clever fit) in po dogovoru tudi v Lescah (fitnes Top).<\/p>\n<h4 data-start=\"1627\" data-end=\"1680\">12. Ali trening vklju\u010duje tudi prehranske napotke?<\/h4>\n<p data-start=\"1681\" data-end=\"1739\">Da \u2013 v obliki splo\u0161nih, zdravih smernic za podporo ciljem. Dodatno nudim tudi celostno prehransko svetovanje.<\/p>\n<h4 data-start=\"1864\" data-end=\"1907\">13. Ali pomagate pri oblikovanju telesa?<\/h4>\n<p data-start=\"1908\" data-end=\"1970\">V kolikor bo\u0161 vlo\u017eil\/a maksimalno truda v najino sodelovanje lahko pri\u010dakuje\u0161 tako vizualne spremembe, pridobivanje mo\u010di, zmanj\u0161anje bole\u010din (v kolikor jih ima\u0161), kot tudi splo\u0161no bolj\u0161e po\u010dutje.<\/p>\n<h4 data-start=\"1972\" data-end=\"2019\">14. Kaj \u010de imam bole\u010dine ali stare po\u0161kodbe?<\/h4>\n<p data-start=\"2020\" data-end=\"2084\">Na uvodnem sestanku dore\u010deva vse o tvoji zgodovini po\u0161kodb in morebitnih bole\u010dinah. Trening je namenjen tudi zmanj\u0161anju bole\u010din in bo v tem primeru prioritetno prilagojen re\u0161itvi tvojih te\u017eav.<\/p>\n<h4 data-start=\"2086\" data-end=\"2119\">15. Ali lahko treniram v paru?<\/h4>\n<p data-start=\"2120\" data-end=\"2173\">Da, mo\u017een je trening v dvoje (partner, prijateljica), cena je v tem primeru na osebo.<\/p>\n<h4 data-start=\"2175\" data-end=\"2220\">16. Kako hitro lahko pri\u010dakujem rezultate?<\/h4>\n<p data-start=\"2221\" data-end=\"2294\">V kolikor se loti\u0161 sodelovanja z mano postavi sebe in svoje zdravje\/bolj\u0161e po\u010dutje pred \u0161tevilko na tehtnici. Tu sem, da ti pomagam &#8211; s tem bodo pri\u0161li tudi rezultati. Je pa veliko tudi na tebi. Teden ima 168 ur, z mano jih bo\u0161 pre\u017eivel\/a le nekaj. Odvisno je tudi od tega, kaj po\u010dne\u0161 in koliko truda\/samoinciative vlo\u017ei\u0161 v proces, ko mene ni zraven. Sem ti pa vedno na voljo za pomo\u010d\/nasvete preko telefona.<\/p>\n<h4 data-start=\"2296\" data-end=\"2354\">17. Ali je osebno trenerstvo primerno tudi za starej\u0161e?<\/h4>\n<p data-start=\"2355\" data-end=\"2389\">Da, vadba za mo\u010d je prilagojena in varna.<\/p>\n<h4 data-start=\"2391\" data-end=\"2438\">18. Ali osebni trener spremlja moj napredek?<\/h4>\n<p data-start=\"2439\" data-end=\"2494\">Da \u2013 spremljam po\u010dutje, napredek in prilagajam trening. Zate imam pripravljen tudi skupen dokument v katerega si lahko bele\u017ei\u0161 stvari vsakodnevno, ne samo na dan treninga.<\/p>\n<h4 data-start=\"2496\" data-end=\"2528\">19. Kaj \u010de nimam veliko \u010dasa?<\/h4>\n<p data-start=\"2529\" data-end=\"2582\">Treningi se lahko prilagajajo tudi \u010dasovno. Trening 2x tedensko ti vzame dve uri na teden. To je to\u010dno en film manj. Verjamem, da lahko nekatere svoje obveznosti prilagodi\u0161 tako, da ustvariva program, ki bo zate dosegljiv dolgoro\u010dno.<\/p>\n<h4 data-start=\"2584\" data-end=\"2619\">20. Ali je trening zelo naporen?<\/h4>\n<p data-start=\"2620\" data-end=\"2661\">Trening program je sestavljen tako, da upo\u0161teva vse tvoje zmo\u017enosti in pripravljenost. Seveda pa se treningi s \u010dasom stopnjujejo. Ne bodo pa sestavljeni tako, da gre\u0161 preko svojih zmo\u017enosti. Seveda bo v\u010dasih te\u017eko, saj mora za napredek trening biti dovolj te\u017eek. Vendar le toliko, kot zmore\u0161!<\/p>\n<h4 data-start=\"2663\" data-end=\"2694\">21. Kaj \u010de nimam motivacije?<\/h4>\n<p data-start=\"2695\" data-end=\"2742\">Motivacije nima nih\u010de vedno. Tudi jaz ne (treniram \u017ee slabih 8 let). Smisel je, da je vse prilagojeno tvojemu \u017eivljenjskemu slogu. Ko vidi\u0161, da je plan realen in mu lahko sledi\u0161 bo\u0161 zgradil\/a disciplino z mojo podporo in jasnimi cilji. To je tisto, kar \u0161teje.<\/p>\n<h4 data-start=\"2744\" data-end=\"2783\">22. Ali moram biti \u017ee v dobri formi?<\/h4>\n<p data-start=\"2784\" data-end=\"2815\">Ne. To je razlog, zakaj za\u010dne\u0161.<\/p>\n<h4 data-start=\"2817\" data-end=\"2848\">23. Kako poteka sodelovanje?<\/h4>\n<p data-start=\"2849\" data-end=\"2907\">Po uvodnem sestanku ali klicu in\u00a0 dogovoru za termin in cilje za\u010dneva z rednimi treningi. V primeru spletnega trenerstva ti vse razlo\u017eim sproti. V datoteki ima\u0161 spisan program in mi izpolnjuje\u0161 tabelo. Ima\u0161 tudi mo\u017enost izbire analize tvoje forme\/tehnike, podporo preko aplikacije vse dni v tednu in prehransko svetovanje.<\/p>\n<h4 data-start=\"2909\" data-end=\"2960\">24. Ali je osebno trenerstvo dolgoro\u010dna re\u0161itev?<\/h4>\n<p data-start=\"2961\" data-end=\"3018\">Da \u2013 u\u010di te navad in discipline, ki ostanejo tudi po koncu sodelovanja.<\/p>\n<h4 data-start=\"3020\" data-end=\"3066\">25. Ali je osebno trenerstvo primerno zame?<\/h4>\n<p data-start=\"3067\" data-end=\"3115\">\u010ce \u017eeli\u0161 bolj\u0161e po\u010dutje, mo\u010d in doslednost \u2013 da.<\/p>\n<h4 data-start=\"3117\" data-end=\"3152\">26. Ali nudite pakete treningov?<\/h4>\n<p data-start=\"3153\" data-end=\"3226\">Da, na voljo so razli\u010dni paketi glede na pogostost in obliko sodelovanja.<\/p>\n<h4 data-start=\"3228\" data-end=\"3258\">27. Kako se lahko prijavim?<\/h4>\n<p data-start=\"3259\" data-end=\"3310\">Preko kontaktnega obrazca, e-po\u0161te ali direktnega sporo\u010dila.<\/p>\n<h4 data-start=\"3402\" data-end=\"3440\">28. Zakaj trenirati z Ano Grim\u0161\u010dar?<\/h4>\n<p data-start=\"3441\" data-end=\"3523\">Ker zdru\u017eujem strokovnost, individualni pristop in razumevanje realnega \u017eivljenja.<\/p>\n[\/vc_column_text][\/vc_column_inner][\/vc_row_inner][\/vc_column][\/vc_row]\n","protected":false},"excerpt":{"rendered":"<p>[vc_row type=&#8221;in_container&#8221; full_screen_row_position=&#8221;middle&#8221; column_margin=&#8221;default&#8221; column_direction=&#8221;default&#8221; column_direction_tablet=&#8221;default&#8221; column_direction_phone=&#8221;default&#8221; scene_position=&#8221;center&#8221; text_color=&#8221;dark&#8221; text_align=&#8221;left&#8221; row_border_radius=&#8221;none&#8221; row_border_radius_applies=&#8221;bg&#8221; row_position_desktop=&#8221;default&#8221; row_position_tablet=&#8221;inherit&#8221; row_position_phone=&#8221;inherit&#8221; overflow=&#8221;visible&#8221; overlay_strength=&#8221;0.3&#8243; gradient_direction=&#8221;left_to_right&#8221; shape_divider_position=&#8221;bottom&#8221; bg_image_animation=&#8221;none&#8221;][vc_column column_padding=&#8221;no-extra-padding&#8221; column_padding_tablet=&#8221;inherit&#8221; column_padding_phone=&#8221;inherit&#8221; column_padding_position=&#8221;all&#8221; flex_gap_desktop=&#8221;10px&#8221; column_element_direction_desktop=&#8221;default&#8221; column_element_spacing=&#8221;default&#8221; desktop_text_alignment=&#8221;default&#8221; tablet_text_alignment=&#8221;default&#8221; phone_text_alignment=&#8221;default&#8221;&#8230;<\/p>\n","protected":false},"author":1,"featured_media":0,"parent":0,"menu_order":0,"comment_status":"closed","ping_status":"closed","template":"","meta":{"_monsterinsights_skip_tracking":false,"_monsterinsights_sitenote_active":false,"_monsterinsights_sitenote_note":"","_monsterinsights_sitenote_category":0,"footnotes":""},"folder":[],"class_list":["post-6501","page","type-page","status-publish"],"yoast_head":"<!-- This site is optimized with the Yoast SEO plugin v26.8 - https:\/\/yoast.com\/product\/yoast-seo-wordpress\/ -->\n<title>Pogosta vpra\u0161anja in odgovori - Ana Grim&scaron;i\u010dar<\/title>\n<meta name=\"description\" content=\"Vsa najpogostej\u0161a vpra\u0161anja in odgovori na enem mestu.\" \/>\n<meta name=\"robots\" content=\"index, follow, max-snippet:-1, max-image-preview:large, max-video-preview:-1\" \/>\n<link rel=\"canonical\" href=\"https:\/\/www.anagrimsicar.com\/index.php\/pogosta-vprasanja-in-odgovori-ana-grimsicar\/\" \/>\n<meta property=\"og:locale\" content=\"sl_SI\" \/>\n<meta property=\"og:type\" content=\"article\" \/>\n<meta property=\"og:title\" content=\"Pogosta vpra\u0161anja in odgovori - Ana Grim&scaron;i\u010dar\" \/>\n<meta property=\"og:description\" content=\"Vsa najpogostej\u0161a vpra\u0161anja in odgovori na enem mestu.\" \/>\n<meta property=\"og:url\" content=\"https:\/\/www.anagrimsicar.com\/index.php\/pogosta-vprasanja-in-odgovori-ana-grimsicar\/\" \/>\n<meta property=\"og:site_name\" content=\"Ana Grim&scaron;i\u010dar\" \/>\n<meta property=\"article:modified_time\" content=\"2026-02-01T14:08:05+00:00\" \/>\n<meta name=\"twitter:card\" content=\"summary_large_image\" \/>\n<meta name=\"twitter:label1\" content=\"Est. reading time\" \/>\n\t<meta name=\"twitter:data1\" content=\"5 minut\" \/>\n<script type=\"application\/ld+json\" class=\"yoast-schema-graph\">{\"@context\":\"https:\/\/schema.org\",\"@graph\":[{\"@type\":\"WebPage\",\"@id\":\"https:\/\/www.anagrimsicar.com\/index.php\/pogosta-vprasanja-in-odgovori-ana-grimsicar\/\",\"url\":\"https:\/\/www.anagrimsicar.com\/index.php\/pogosta-vprasanja-in-odgovori-ana-grimsicar\/\",\"name\":\"Pogosta vpra\u0161anja in odgovori - Ana Grim&scaron;i\u010dar\",\"isPartOf\":{\"@id\":\"https:\/\/www.anagrimsicar.com\/#website\"},\"datePublished\":\"2026-01-29T11:10:27+00:00\",\"dateModified\":\"2026-02-01T14:08:05+00:00\",\"description\":\"Vsa najpogostej\u0161a vpra\u0161anja in odgovori na enem mestu.\",\"breadcrumb\":{\"@id\":\"https:\/\/www.anagrimsicar.com\/index.php\/pogosta-vprasanja-in-odgovori-ana-grimsicar\/#breadcrumb\"},\"inLanguage\":\"sl-SI\",\"potentialAction\":[{\"@type\":\"ReadAction\",\"target\":[\"https:\/\/www.anagrimsicar.com\/index.php\/pogosta-vprasanja-in-odgovori-ana-grimsicar\/\"]}]},{\"@type\":\"BreadcrumbList\",\"@id\":\"https:\/\/www.anagrimsicar.com\/index.php\/pogosta-vprasanja-in-odgovori-ana-grimsicar\/#breadcrumb\",\"itemListElement\":[{\"@type\":\"ListItem\",\"position\":1,\"name\":\"Home\",\"item\":\"https:\/\/www.anagrimsicar.com\/\"},{\"@type\":\"ListItem\",\"position\":2,\"name\":\"Pogosta vpra\u0161anja in odgovori\"}]},{\"@type\":\"WebSite\",\"@id\":\"https:\/\/www.anagrimsicar.com\/#website\",\"url\":\"https:\/\/www.anagrimsicar.com\/\",\"name\":\"Ana Grim&scaron;i\u010dar\",\"description\":\"Osebno trenerstvo\",\"potentialAction\":[{\"@type\":\"SearchAction\",\"target\":{\"@type\":\"EntryPoint\",\"urlTemplate\":\"https:\/\/www.anagrimsicar.com\/?s={search_term_string}\"},\"query-input\":{\"@type\":\"PropertyValueSpecification\",\"valueRequired\":true,\"valueName\":\"search_term_string\"}}],\"inLanguage\":\"sl-SI\"}]}<\/script>\n<!-- \/ Yoast SEO plugin. -->","yoast_head_json":{"title":"Pogosta vpra\u0161anja in odgovori - Ana Grim&scaron;i\u010dar","description":"Vsa najpogostej\u0161a vpra\u0161anja in odgovori na enem mestu.","robots":{"index":"index","follow":"follow","max-snippet":"max-snippet:-1","max-image-preview":"max-image-preview:large","max-video-preview":"max-video-preview:-1"},"canonical":"https:\/\/www.anagrimsicar.com\/index.php\/pogosta-vprasanja-in-odgovori-ana-grimsicar\/","og_locale":"sl_SI","og_type":"article","og_title":"Pogosta vpra\u0161anja in odgovori - Ana Grim&scaron;i\u010dar","og_description":"Vsa najpogostej\u0161a vpra\u0161anja in odgovori na enem mestu.","og_url":"https:\/\/www.anagrimsicar.com\/index.php\/pogosta-vprasanja-in-odgovori-ana-grimsicar\/","og_site_name":"Ana Grim&scaron;i\u010dar","article_modified_time":"2026-02-01T14:08:05+00:00","twitter_card":"summary_large_image","twitter_misc":{"Est. reading time":"5 minut"},"schema":{"@context":"https:\/\/schema.org","@graph":[{"@type":"WebPage","@id":"https:\/\/www.anagrimsicar.com\/index.php\/pogosta-vprasanja-in-odgovori-ana-grimsicar\/","url":"https:\/\/www.anagrimsicar.com\/index.php\/pogosta-vprasanja-in-odgovori-ana-grimsicar\/","name":"Pogosta vpra\u0161anja in odgovori - Ana Grim&scaron;i\u010dar","isPartOf":{"@id":"https:\/\/www.anagrimsicar.com\/#website"},"datePublished":"2026-01-29T11:10:27+00:00","dateModified":"2026-02-01T14:08:05+00:00","description":"Vsa najpogostej\u0161a vpra\u0161anja in odgovori na enem mestu.","breadcrumb":{"@id":"https:\/\/www.anagrimsicar.com\/index.php\/pogosta-vprasanja-in-odgovori-ana-grimsicar\/#breadcrumb"},"inLanguage":"sl-SI","potentialAction":[{"@type":"ReadAction","target":["https:\/\/www.anagrimsicar.com\/index.php\/pogosta-vprasanja-in-odgovori-ana-grimsicar\/"]}]},{"@type":"BreadcrumbList","@id":"https:\/\/www.anagrimsicar.com\/index.php\/pogosta-vprasanja-in-odgovori-ana-grimsicar\/#breadcrumb","itemListElement":[{"@type":"ListItem","position":1,"name":"Home","item":"https:\/\/www.anagrimsicar.com\/"},{"@type":"ListItem","position":2,"name":"Pogosta vpra\u0161anja in odgovori"}]},{"@type":"WebSite","@id":"https:\/\/www.anagrimsicar.com\/#website","url":"https:\/\/www.anagrimsicar.com\/","name":"Ana Grim&scaron;i\u010dar","description":"Osebno trenerstvo","potentialAction":[{"@type":"SearchAction","target":{"@type":"EntryPoint","urlTemplate":"https:\/\/www.anagrimsicar.com\/?s={search_term_string}"},"query-input":{"@type":"PropertyValueSpecification","valueRequired":true,"valueName":"search_term_string"}}],"inLanguage":"sl-SI"}]}},"_links":{"self":[{"href":"https:\/\/www.anagrimsicar.com\/index.php\/wp-json\/wp\/v2\/pages\/6501","targetHints":{"allow":["GET"]}}],"collection":[{"href":"https:\/\/www.anagrimsicar.com\/index.php\/wp-json\/wp\/v2\/pages"}],"about":[{"href":"https:\/\/www.anagrimsicar.com\/index.php\/wp-json\/wp\/v2\/types\/page"}],"author":[{"embeddable":true,"href":"https:\/\/www.anagrimsicar.com\/index.php\/wp-json\/wp\/v2\/users\/1"}],"replies":[{"embeddable":true,"href":"https:\/\/www.anagrimsicar.com\/index.php\/wp-json\/wp\/v2\/comments?post=6501"}],"version-history":[{"count":5,"href":"https:\/\/www.anagrimsicar.com\/index.php\/wp-json\/wp\/v2\/pages\/6501\/revisions"}],"predecessor-version":[{"id":6524,"href":"https:\/\/www.anagrimsicar.com\/index.php\/wp-json\/wp\/v2\/pages\/6501\/revisions\/6524"}],"wp:attachment":[{"href":"https:\/\/www.anagrimsicar.com\/index.php\/wp-json\/wp\/v2\/media?parent=6501"}],"wp:term":[{"taxonomy":"folder","embeddable":true,"href":"https:\/\/www.anagrimsicar.com\/index.php\/wp-json\/wp\/v2\/folder?post=6501"}],"curies":[{"name":"wp","href":"https:\/\/api.w.org\/{rel}","templated":true}]}}